{"id":5905,"date":"2026-01-12T02:53:51","date_gmt":"2026-01-12T02:53:51","guid":{"rendered":"https:\/\/veneludica.com\/?post_type=product&#038;p=5905"},"modified":"2026-01-12T02:53:51","modified_gmt":"2026-01-12T02:53:51","slug":"guerra-fria-cia-vs-kgb","status":"publish","type":"product","link":"https:\/\/veneludica.com\/?product=guerra-fria-cia-vs-kgb","title":{"rendered":"Guerra Fr\u00eda (CIA vs KGB)"},"content":{"rendered":"<p data-start=\"0\" data-end=\"214\">La Segunda Guerra Mundial dej\u00f3 al mundo en caos, y el futuro de muchas naciones est\u00e1 lleno de incertidumbre. Estados Unidos y la URSS son las \u00fanicas superpotencias capaces de guiar al mundo hacia un futuro mejor.<\/p>\n<p data-start=\"216\" data-end=\"733\"><strong data-start=\"216\" data-end=\"241\">Cold War: CIA vs. KGB<\/strong> te pone al mando de una red de esp\u00edas en la era de posguerra. Tu objetivo: \u201cpersuadir\u201d a los gobiernos extranjeros para que adopten la ideolog\u00eda \u201ccorrecta\u201d, por cualquier medio necesario. Manipula facciones locales de influencia para que tu golpe de estado tenga \u00e9xito. Traiciona y elimina a los l\u00edderes de tu oponente. Gana prestigio para tu bando conquistando la Carrera Espacial, dominando los Juegos Ol\u00edmpicos o asegurando que uno de tus compatriotas obtenga el Premio Nobel de la Paz.<\/p>\n<p data-start=\"735\" data-end=\"940\" data-is-last-node=\"\" data-is-only-node=\"\">En este conflicto que se extiende por d\u00e9cadas, la victoria recaer\u00e1 en el bando que disponga de los recursos, la convicci\u00f3n y el compromiso necesarios para asegurar que su visi\u00f3n del mundo molde\u00e9 el futuro.<\/p>\n<p data-start=\"735\" data-end=\"940\" data-is-last-node=\"\" data-is-only-node=\"\"><a href=\"https:\/\/boardgamegeek.com\/boardgame\/24742\/cold-war-cia-vs-kgb\">PAGINA BGG<\/a><\/p>\n<p><iframe title=\"Abriendo Guerra Fri\u0301a CIA vs  KGB\" width=\"640\" height=\"360\" src=\"https:\/\/www.youtube.com\/embed\/jNQ2QwETsZE?feature=oembed\" frameborder=\"0\" allow=\"accelerometer; autoplay; clipboard-write; encrypted-media; gyroscope; picture-in-picture; web-share\" referrerpolicy=\"strict-origin-when-cross-origin\" allowfullscreen><\/iframe><\/p>\n","protected":false},"excerpt":{"rendered":"<p>La Segunda Guerra Mundial dej\u00f3 al mundo en caos, y el futuro de muchas naciones est\u00e1 lleno de incertidumbre. Estados Unidos y la URSS son las \u00fanicas superpotencias capaces de guiar al mundo hacia un futuro mejor. Cold War: CIA vs. KGB te pone al mando de una red de esp\u00edas en la era de posguerra. Tu objetivo: \u201cpersuadir\u201d a los gobiernos extranjeros para que adopten la ideolog\u00eda \u201ccorrecta\u201d, por&hellip;<\/p>\n","protected":false},"featured_media":5906,"comment_status":"open","ping_status":"closed","template":"","meta":[],"product_brand":[],"product_cat":[84,82],"product_tag":[155],"class_list":{"0":"post-5905","1":"product","2":"type-product","3":"status-publish","4":"has-post-thumbnail","6":"product_cat-estrategia","7":"product_cat-mentir-bluffing","8":"product_tag-cartas","10":"first","11":"instock","12":"taxable","13":"shipping-taxable","14":"purchasable","15":"product-type-simple"},"jetpack_sharing_enabled":true,"_links":{"self":[{"href":"https:\/\/veneludica.com\/index.php?rest_route=\/wp\/v2\/product\/5905","targetHints":{"allow":["GET"]}}],"collection":[{"href":"https:\/\/veneludica.com\/index.php?rest_route=\/wp\/v2\/product"}],"about":[{"href":"https:\/\/veneludica.com\/index.php?rest_route=\/wp\/v2\/types\/product"}],"replies":[{"embeddable":true,"href":"https:\/\/veneludica.com\/index.php?rest_route=%2Fwp%2Fv2%2Fcomments&post=5905"}],"version-history":[{"count":1,"href":"https:\/\/veneludica.com\/index.php?rest_route=\/wp\/v2\/product\/5905\/revisions"}],"predecessor-version":[{"id":5909,"href":"https:\/\/veneludica.com\/index.php?rest_route=\/wp\/v2\/product\/5905\/revisions\/5909"}],"wp:featuredmedia":[{"embeddable":true,"href":"https:\/\/veneludica.com\/index.php?rest_route=\/wp\/v2\/media\/5906"}],"wp:attachment":[{"href":"https:\/\/veneludica.com\/index.php?rest_route=%2Fwp%2Fv2%2Fmedia&parent=5905"}],"wp:term":[{"taxonomy":"product_brand","embeddable":true,"href":"https:\/\/veneludica.com\/index.php?rest_route=%2Fwp%2Fv2%2Fproduct_brand&post=5905"},{"taxonomy":"product_cat","embeddable":true,"href":"https:\/\/veneludica.com\/index.php?rest_route=%2Fwp%2Fv2%2Fproduct_cat&post=5905"},{"taxonomy":"product_tag","embeddable":true,"href":"https:\/\/veneludica.com\/index.php?rest_route=%2Fwp%2Fv2%2Fproduct_tag&post=5905"}],"curies":[{"name":"wp","href":"https:\/\/api.w.org\/{rel}","templated":true}]}}