{"id":5910,"date":"2026-01-12T02:57:54","date_gmt":"2026-01-12T02:57:54","guid":{"rendered":"https:\/\/veneludica.com\/?post_type=product&#038;p=5910"},"modified":"2026-01-12T02:57:54","modified_gmt":"2026-01-12T02:57:54","slug":"guns-steel","status":"publish","type":"product","link":"https:\/\/veneludica.com\/?product=guns-steel","title":{"rendered":"Guns &#038; Steel"},"content":{"rendered":"<p data-start=\"206\" data-end=\"247\">La tecnolog\u00eda es un arma de doble filo.<\/p>\n<p data-start=\"249\" data-end=\"406\">Nos hemos acostumbrado a los comodidades de la civilizaci\u00f3n, pero al mismo tiempo siempre estamos creando m\u00e9todos de destrucci\u00f3n m\u00e1s grandes y sangrientos.<\/p>\n<p data-start=\"408\" data-end=\"668\">\u00bfTe centrar\u00e1s en los desarrollos civiles para acelerar la producci\u00f3n, o construir\u00e1s poderosos ej\u00e9rcitos para arrasar a tus enemigos?<br data-start=\"540\" data-end=\"543\" \/>\u00bfEdificar\u00e1s maravillas que dejen un legado permanente para la humanidad, o prefieres arrebat\u00e1rselo a quienes no son dignos?<\/p>\n<p data-start=\"670\" data-end=\"889\"><em data-start=\"670\" data-end=\"684\">Guns &amp; Steel<\/em> combina la variedad de la construcci\u00f3n de mano con un mecanismo \u00fanico de volteo de cartas, y permite que 2-4 jugadores compitan a lo largo de las eras, luchando por construir el mayor imperio del mundo.<\/p>\n<p data-start=\"891\" data-end=\"1059\" data-is-last-node=\"\" data-is-only-node=\"\">Disfruta de un juego de estrategia compacto que te obligar\u00e1 a tomar decisiones dif\u00edciles en cada turno y experimenta el auge y ca\u00edda de las naciones en apenas una hora.<\/p>\n<p data-start=\"891\" data-end=\"1059\" data-is-last-node=\"\" data-is-only-node=\"\"><a href=\"https:\/\/boardgamegeek.com\/boardgame\/211323\/guns-and-steel-a-civilization-card-game\">PAGINA BGG<\/a><\/p>\n<p><iframe title=\"Conociendo Guns &amp; Steel\" width=\"640\" height=\"360\" src=\"https:\/\/www.youtube.com\/embed\/90dwx2-uXzo?feature=oembed\" frameborder=\"0\" allow=\"accelerometer; autoplay; clipboard-write; encrypted-media; gyroscope; picture-in-picture; web-share\" referrerpolicy=\"strict-origin-when-cross-origin\" allowfullscreen><\/iframe><\/p>\n","protected":false},"excerpt":{"rendered":"<p>La tecnolog\u00eda es un arma de doble filo. Nos hemos acostumbrado a los comodidades de la civilizaci\u00f3n, pero al mismo tiempo siempre estamos creando m\u00e9todos de destrucci\u00f3n m\u00e1s grandes y sangrientos. \u00bfTe centrar\u00e1s en los desarrollos civiles para acelerar la producci\u00f3n, o construir\u00e1s poderosos ej\u00e9rcitos para arrasar a tus enemigos?\u00bfEdificar\u00e1s maravillas que dejen un legado permanente para la humanidad, o prefieres arrebat\u00e1rselo a quienes no son dignos? Guns &amp; Steel&hellip;<\/p>\n","protected":false},"featured_media":5911,"comment_status":"open","ping_status":"closed","template":"","meta":[],"product_brand":[],"product_cat":[84],"product_tag":[155,253],"class_list":{"0":"post-5910","1":"product","2":"type-product","3":"status-publish","4":"has-post-thumbnail","6":"product_cat-estrategia","7":"product_tag-cartas","8":"product_tag-civilizacion","10":"first","11":"instock","12":"taxable","13":"shipping-taxable","14":"purchasable","15":"product-type-simple"},"jetpack_sharing_enabled":true,"_links":{"self":[{"href":"https:\/\/veneludica.com\/index.php?rest_route=\/wp\/v2\/product\/5910","targetHints":{"allow":["GET"]}}],"collection":[{"href":"https:\/\/veneludica.com\/index.php?rest_route=\/wp\/v2\/product"}],"about":[{"href":"https:\/\/veneludica.com\/index.php?rest_route=\/wp\/v2\/types\/product"}],"replies":[{"embeddable":true,"href":"https:\/\/veneludica.com\/index.php?rest_route=%2Fwp%2Fv2%2Fcomments&post=5910"}],"version-history":[{"count":1,"href":"https:\/\/veneludica.com\/index.php?rest_route=\/wp\/v2\/product\/5910\/revisions"}],"predecessor-version":[{"id":5912,"href":"https:\/\/veneludica.com\/index.php?rest_route=\/wp\/v2\/product\/5910\/revisions\/5912"}],"wp:featuredmedia":[{"embeddable":true,"href":"https:\/\/veneludica.com\/index.php?rest_route=\/wp\/v2\/media\/5911"}],"wp:attachment":[{"href":"https:\/\/veneludica.com\/index.php?rest_route=%2Fwp%2Fv2%2Fmedia&parent=5910"}],"wp:term":[{"taxonomy":"product_brand","embeddable":true,"href":"https:\/\/veneludica.com\/index.php?rest_route=%2Fwp%2Fv2%2Fproduct_brand&post=5910"},{"taxonomy":"product_cat","embeddable":true,"href":"https:\/\/veneludica.com\/index.php?rest_route=%2Fwp%2Fv2%2Fproduct_cat&post=5910"},{"taxonomy":"product_tag","embeddable":true,"href":"https:\/\/veneludica.com\/index.php?rest_route=%2Fwp%2Fv2%2Fproduct_tag&post=5910"}],"curies":[{"name":"wp","href":"https:\/\/api.w.org\/{rel}","templated":true}]}}