{"id":5913,"date":"2026-01-12T03:22:08","date_gmt":"2026-01-12T03:22:08","guid":{"rendered":"https:\/\/veneludica.com\/?post_type=product&#038;p=5913"},"modified":"2026-01-12T03:22:08","modified_gmt":"2026-01-12T03:22:08","slug":"hagakure","status":"publish","type":"product","link":"https:\/\/veneludica.com\/?product=hagakure","title":{"rendered":"Hagakure"},"content":{"rendered":"<p data-start=\"0\" data-end=\"113\"><em data-start=\"0\" data-end=\"10\">Hagakure<\/em> es un juego de bazas para 3-5 jugadores en el que el objetivo es conseguir m\u00e1s puntos que los dem\u00e1s.<\/p>\n<p data-start=\"115\" data-end=\"316\">El mazo consta de treinta cartas: aldeanos numerados del 1 al 17, samur\u00e1is numerados del 18 al 27, y tres &#8220;viejos tontos&#8221; sin n\u00famero. (Con 3-4 jugadores, se retiran del juego las cartas 1-5 y 23-27.)<\/p>\n<p data-start=\"318\" data-end=\"742\">Al comienzo de cada ronda, se reparten 4-5 cartas a cada jugador y las 4-5 cartas restantes se colocan en un mont\u00f3n llamado &#8220;Goze&#8221;. Cada jugador empieza con cinco fichas &#8220;Nobori&#8221;, cada una con un poder especial, y puede elegir jugar exactamente una de estas fichas tras mirar sus cartas. Estas fichas permiten, por ejemplo, mirar la mano de otro jugador, intercambiar tu mano con el Goze, duplicar tus puntos, entre otros.<\/p>\n<p data-start=\"744\" data-end=\"1211\">El jugador inicial juega una carta de su mano, y los dem\u00e1s jugadores le siguen; la carta m\u00e1s alta gana la baza y el ganador lidera la siguiente. Si se juega un samur\u00e1i (carta roja), cada jugador debe jugar un samur\u00e1i si puede. De lo contrario, no hay obligaci\u00f3n de jugar cartas espec\u00edficas. Un &#8220;viejo tonto&#8221; jugado solo no tiene valor, pero si se juegan un segundo o tercer &#8220;viejo tonto&#8221; en la baza, el jugador que haya jugado la \u00faltima de esas cartas gana la baza.<\/p>\n<p data-start=\"1213\" data-end=\"1432\" data-is-last-node=\"\" data-is-only-node=\"\">Se obtiene 1 punto por cada baza ganada y 1 punto adicional por capturar el 16. Un jugador que no consiga ninguna baza pierde 2 puntos. Tras 5-9 rondas (dependiendo del n\u00famero de jugadores), gana quien tenga m\u00e1s puntos.<\/p>\n<p data-start=\"1213\" data-end=\"1432\" data-is-last-node=\"\" data-is-only-node=\"\"><a href=\"https:\/\/boardgamegeek.com\/boardgame\/293836\/hagakure\">PAGINA BGG<\/a><\/p>\n<p><iframe title=\"Conociendo Hagakure\" width=\"640\" height=\"360\" src=\"https:\/\/www.youtube.com\/embed\/HUNBJmP9tLU?feature=oembed\" frameborder=\"0\" allow=\"accelerometer; autoplay; clipboard-write; encrypted-media; gyroscope; picture-in-picture; web-share\" referrerpolicy=\"strict-origin-when-cross-origin\" allowfullscreen><\/iframe><\/p>\n","protected":false},"excerpt":{"rendered":"<p>Hagakure es un juego de bazas para 3-5 jugadores en el que el objetivo es conseguir m\u00e1s puntos que los dem\u00e1s. El mazo consta de treinta cartas: aldeanos numerados del 1 al 17, samur\u00e1is numerados del 18 al 27, y tres &#8220;viejos tontos&#8221; sin n\u00famero. (Con 3-4 jugadores, se retiran del juego las cartas 1-5 y 23-27.) Al comienzo de cada ronda, se reparten 4-5 cartas a cada jugador y&hellip;<\/p>\n","protected":false},"featured_media":5915,"comment_status":"open","ping_status":"closed","template":"","meta":[],"product_brand":[],"product_cat":[88],"product_tag":[155],"class_list":{"0":"post-5913","1":"product","2":"type-product","3":"status-publish","4":"has-post-thumbnail","6":"product_cat-familiar","7":"product_tag-cartas","9":"first","10":"instock","11":"taxable","12":"shipping-taxable","13":"purchasable","14":"product-type-simple"},"jetpack_sharing_enabled":true,"_links":{"self":[{"href":"https:\/\/veneludica.com\/index.php?rest_route=\/wp\/v2\/product\/5913","targetHints":{"allow":["GET"]}}],"collection":[{"href":"https:\/\/veneludica.com\/index.php?rest_route=\/wp\/v2\/product"}],"about":[{"href":"https:\/\/veneludica.com\/index.php?rest_route=\/wp\/v2\/types\/product"}],"replies":[{"embeddable":true,"href":"https:\/\/veneludica.com\/index.php?rest_route=%2Fwp%2Fv2%2Fcomments&post=5913"}],"version-history":[{"count":1,"href":"https:\/\/veneludica.com\/index.php?rest_route=\/wp\/v2\/product\/5913\/revisions"}],"predecessor-version":[{"id":5918,"href":"https:\/\/veneludica.com\/index.php?rest_route=\/wp\/v2\/product\/5913\/revisions\/5918"}],"wp:featuredmedia":[{"embeddable":true,"href":"https:\/\/veneludica.com\/index.php?rest_route=\/wp\/v2\/media\/5915"}],"wp:attachment":[{"href":"https:\/\/veneludica.com\/index.php?rest_route=%2Fwp%2Fv2%2Fmedia&parent=5913"}],"wp:term":[{"taxonomy":"product_brand","embeddable":true,"href":"https:\/\/veneludica.com\/index.php?rest_route=%2Fwp%2Fv2%2Fproduct_brand&post=5913"},{"taxonomy":"product_cat","embeddable":true,"href":"https:\/\/veneludica.com\/index.php?rest_route=%2Fwp%2Fv2%2Fproduct_cat&post=5913"},{"taxonomy":"product_tag","embeddable":true,"href":"https:\/\/veneludica.com\/index.php?rest_route=%2Fwp%2Fv2%2Fproduct_tag&post=5913"}],"curies":[{"name":"wp","href":"https:\/\/api.w.org\/{rel}","templated":true}]}}