{"id":5932,"date":"2026-01-12T04:27:26","date_gmt":"2026-01-12T04:27:26","guid":{"rendered":"https:\/\/veneludica.com\/?post_type=product&#038;p=5932"},"modified":"2026-01-12T04:27:27","modified_gmt":"2026-01-12T04:27:27","slug":"helios-expanse","status":"publish","type":"product","link":"https:\/\/veneludica.com\/?product=helios-expanse","title":{"rendered":"Helios Expanse"},"content":{"rendered":"<p data-start=\"0\" data-end=\"338\">Un juego de <em data-start=\"12\" data-end=\"28\">Helios Expanse<\/em> te pone al mando de una civilizaci\u00f3n interestelar, compitiendo por la supremac\u00eda gal\u00e1ctica contra sus rivales. Colonizas planetas habitables, investigas tecnolog\u00edas y construyes un ej\u00e9rcito con el que librar guerras. La civilizaci\u00f3n que logre colonizar m\u00e1s planetas ser\u00e1 la vencedora y gobernar\u00e1 la galaxia.<\/p>\n<p data-start=\"340\" data-end=\"716\"><em data-start=\"340\" data-end=\"356\">Helios Expanse<\/em> se inspir\u00f3 en la idea de desarrollar un juego de mesa que ofreciera una experiencia 4X en menos de sesenta minutos, buscando que la experiencia fuera igual de satisfactoria para los jugadores tradicionales de 4X como para los m\u00e1s casuales. Esta visi\u00f3n defini\u00f3 un conjunto espec\u00edfico de objetivos de dise\u00f1o que sirvieron como base para la creaci\u00f3n del juego.<\/p>\n<p data-start=\"718\" data-end=\"1056\">En primer lugar, se plante\u00f3 que el juego deb\u00eda poder ense\u00f1arse en menos de cinco minutos. Este objetivo impuls\u00f3 un \u00e1rbol de decisiones simplificado, resultando en elecciones t\u00e1cticas simples pero significativas en cada turno. Se puso especial \u00e9nfasis en la interacci\u00f3n entre jugadores para mantener la tensi\u00f3n habitual de los juegos 4X.<\/p>\n<p data-start=\"1058\" data-end=\"1412\" data-is-last-node=\"\" data-is-only-node=\"\">Finalmente, esta combinaci\u00f3n de objetivos de dise\u00f1o fundamentales (junto con algunos otros) dio lugar a un mecanismo de programaci\u00f3n de acciones y movimientos que genera la cantidad justa de tensi\u00f3n en cada turno. En su n\u00facleo, <em data-start=\"1286\" data-end=\"1302\">Helios Expanse<\/em> es un juego altamente interactivo, con decisiones simples pero t\u00e1cticas y mecanismos cohesivos y funcionales.<\/p>\n<p data-start=\"1058\" data-end=\"1412\" data-is-last-node=\"\" data-is-only-node=\"\"><a href=\"https:\/\/boardgamegeek.com\/boardgame\/228889\/helios-expanse\">PAGINA BGG<\/a><\/p>\n<p><iframe title=\"Helios Expanse \u2014 game overview at GAMA Trade Show 2019\" width=\"640\" height=\"360\" src=\"https:\/\/www.youtube.com\/embed\/WgkOYb1DGsQ?feature=oembed\" frameborder=\"0\" allow=\"accelerometer; autoplay; clipboard-write; encrypted-media; gyroscope; picture-in-picture; web-share\" referrerpolicy=\"strict-origin-when-cross-origin\" allowfullscreen><\/iframe><\/p>\n","protected":false},"excerpt":{"rendered":"<p>Un juego de Helios Expanse te pone al mando de una civilizaci\u00f3n interestelar, compitiendo por la supremac\u00eda gal\u00e1ctica contra sus rivales. Colonizas planetas habitables, investigas tecnolog\u00edas y construyes un ej\u00e9rcito con el que librar guerras. La civilizaci\u00f3n que logre colonizar m\u00e1s planetas ser\u00e1 la vencedora y gobernar\u00e1 la galaxia. Helios Expanse se inspir\u00f3 en la idea de desarrollar un juego de mesa que ofreciera una experiencia 4X en menos de&hellip;<\/p>\n","protected":false},"featured_media":5933,"comment_status":"open","ping_status":"closed","template":"","meta":[],"product_brand":[],"product_cat":[84],"product_tag":[155,253],"class_list":{"0":"post-5932","1":"product","2":"type-product","3":"status-publish","4":"has-post-thumbnail","6":"product_cat-estrategia","7":"product_tag-cartas","8":"product_tag-civilizacion","10":"first","11":"instock","12":"taxable","13":"shipping-taxable","14":"purchasable","15":"product-type-simple"},"jetpack_sharing_enabled":true,"_links":{"self":[{"href":"https:\/\/veneludica.com\/index.php?rest_route=\/wp\/v2\/product\/5932","targetHints":{"allow":["GET"]}}],"collection":[{"href":"https:\/\/veneludica.com\/index.php?rest_route=\/wp\/v2\/product"}],"about":[{"href":"https:\/\/veneludica.com\/index.php?rest_route=\/wp\/v2\/types\/product"}],"replies":[{"embeddable":true,"href":"https:\/\/veneludica.com\/index.php?rest_route=%2Fwp%2Fv2%2Fcomments&post=5932"}],"version-history":[{"count":1,"href":"https:\/\/veneludica.com\/index.php?rest_route=\/wp\/v2\/product\/5932\/revisions"}],"predecessor-version":[{"id":5935,"href":"https:\/\/veneludica.com\/index.php?rest_route=\/wp\/v2\/product\/5932\/revisions\/5935"}],"wp:featuredmedia":[{"embeddable":true,"href":"https:\/\/veneludica.com\/index.php?rest_route=\/wp\/v2\/media\/5933"}],"wp:attachment":[{"href":"https:\/\/veneludica.com\/index.php?rest_route=%2Fwp%2Fv2%2Fmedia&parent=5932"}],"wp:term":[{"taxonomy":"product_brand","embeddable":true,"href":"https:\/\/veneludica.com\/index.php?rest_route=%2Fwp%2Fv2%2Fproduct_brand&post=5932"},{"taxonomy":"product_cat","embeddable":true,"href":"https:\/\/veneludica.com\/index.php?rest_route=%2Fwp%2Fv2%2Fproduct_cat&post=5932"},{"taxonomy":"product_tag","embeddable":true,"href":"https:\/\/veneludica.com\/index.php?rest_route=%2Fwp%2Fv2%2Fproduct_tag&post=5932"}],"curies":[{"name":"wp","href":"https:\/\/api.w.org\/{rel}","templated":true}]}}