{"id":5936,"date":"2026-01-12T04:33:58","date_gmt":"2026-01-12T04:33:58","guid":{"rendered":"https:\/\/veneludica.com\/?post_type=product&#038;p=5936"},"modified":"2026-01-12T04:36:02","modified_gmt":"2026-01-12T04:36:02","slug":"hitster-es","status":"publish","type":"product","link":"https:\/\/veneludica.com\/?product=hitster-es","title":{"rendered":"Hitster (ES)"},"content":{"rendered":"<div class=\"flex flex-col text-sm pb-25\">\n<article class=\"text-token-text-primary w-full focus:outline-none [--shadow-height:45px] has-data-writing-block:pointer-events-none has-data-writing-block:-mt-(--shadow-height) has-data-writing-block:pt-(--shadow-height) [&amp;:has([data-writing-block])&gt;*]:pointer-events-auto scroll-mt-[calc(var(--header-height)+min(200px,max(70px,20svh)))]\" dir=\"auto\" tabindex=\"-1\" data-turn-id=\"request-695dbbb7-fe08-832b-93b8-6f9eb3451912-109\" data-testid=\"conversation-turn-248\" data-scroll-anchor=\"true\" data-turn=\"assistant\">\n<div class=\"text-base my-auto mx-auto pb-10 [--thread-content-margin:--spacing(4)] @w-sm\/main:[--thread-content-margin:--spacing(6)] @w-lg\/main:[--thread-content-margin:--spacing(16)] px-(--thread-content-margin)\">\n<div class=\"[--thread-content-max-width:40rem] @w-lg\/main:[--thread-content-max-width:48rem] mx-auto max-w-(--thread-content-max-width) flex-1 group\/turn-messages focus-visible:outline-hidden relative flex w-full min-w-0 flex-col agent-turn\" tabindex=\"-1\">\n<div class=\"flex max-w-full flex-col grow\">\n<div class=\"min-h-8 text-message relative flex w-full flex-col items-end gap-2 text-start break-words whitespace-normal [.text-message+&amp;]:mt-1\" dir=\"auto\" data-message-author-role=\"assistant\" data-message-id=\"ef00e484-2dc3-485e-940e-0910d4a5ece0\" data-message-model-slug=\"gpt-5-mini\">\n<div class=\"flex w-full flex-col gap-1 empty:hidden first:pt-[1px]\">\n<div class=\"markdown prose dark:prose-invert w-full break-words dark markdown-new-styling\">\n<p data-start=\"0\" data-end=\"324\">\u00a1Crea una fiesta instant\u00e1nea con <strong data-start=\"33\" data-end=\"44\">HITSTER<\/strong>, el juego de cartas musical del siglo!<br data-start=\"83\" data-end=\"86\" \/>Escucha m\u00e1s de 100 a\u00f1os de \u00e9xitos incre\u00edbles, turnaos para colocarlos en orden cronol\u00f3gico en tu l\u00ednea del tiempo musical y disfruta de un viaje lleno de recuerdos.<br data-start=\"250\" data-end=\"253\" data-is-only-node=\"\" \/>El primer jugador en coleccionar 10 \u00e9xitos ser\u00e1 coronado <strong data-start=\"310\" data-end=\"321\">HITSTER<\/strong>.<\/p>\n<p data-start=\"326\" data-end=\"551\"><strong data-start=\"326\" data-end=\"337\">HITSTER<\/strong> es el juego perfecto para una noche llena de risas, canciones, baile y recuerdos compartidos. Solo abre la caja, escanea una carta de canci\u00f3n y deja que la m\u00fasica haga el resto para crear una fiesta instant\u00e1nea.<\/p>\n<h3 data-start=\"553\" data-end=\"567\">C\u00f3mo jugar<\/h3>\n<ol data-start=\"568\" data-end=\"923\" data-is-last-node=\"\" data-is-only-node=\"\">\n<li data-start=\"568\" data-end=\"705\">\n<p data-start=\"571\" data-end=\"705\">Escoge una carta de m\u00fasica y escanea el c\u00f3digo QR con la app gratuita Hitster para reproducir autom\u00e1ticamente la canci\u00f3n en Spotify.<\/p>\n<\/li>\n<li data-start=\"706\" data-end=\"813\">\n<p data-start=\"709\" data-end=\"813\">Adivina cu\u00e1ndo se lanz\u00f3 la canci\u00f3n coloc\u00e1ndola en la posici\u00f3n correcta de tu l\u00ednea del tiempo musical.<\/p>\n<\/li>\n<li data-start=\"814\" data-end=\"923\" data-is-last-node=\"\">\n<p data-start=\"817\" data-end=\"923\" data-is-last-node=\"\">Da la vuelta a la carta de m\u00fasica. Si aciertas, te quedas con la carta para construir tu l\u00ednea del tiempo.<\/p>\n<\/li>\n<\/ol>\n<p><a href=\"http:\/\/boardgamegeek.com\/boardgame\/318243\/hitster\">PAGINA BGG<\/a><\/p>\n<p><iframe title=\"how to play HITSTER (gameplay and rules) | SPIELREGELN TV x JUMBO\" width=\"640\" height=\"360\" src=\"https:\/\/www.youtube.com\/embed\/Y_NW6iZh1O0?feature=oembed\" frameborder=\"0\" allow=\"accelerometer; autoplay; clipboard-write; encrypted-media; gyroscope; picture-in-picture; web-share\" referrerpolicy=\"strict-origin-when-cross-origin\" allowfullscreen><\/iframe><\/p>\n<\/div>\n<\/div>\n<\/div>\n<\/div>\n<\/div>\n<\/div>\n<\/article>\n<\/div>\n","protected":false},"excerpt":{"rendered":"<p>\u00a1Crea una fiesta instant\u00e1nea con HITSTER, el juego de cartas musical del siglo!Escucha m\u00e1s de 100 a\u00f1os de \u00e9xitos incre\u00edbles, turnaos para colocarlos en orden cronol\u00f3gico en tu l\u00ednea del tiempo musical y disfruta de un viaje lleno de recuerdos.El primer jugador en coleccionar 10 \u00e9xitos ser\u00e1 coronado HITSTER. HITSTER es el juego perfecto para una noche llena de risas, canciones, baile y recuerdos compartidos. Solo abre la caja, escanea&hellip;<\/p>\n","protected":false},"featured_media":5937,"comment_status":"open","ping_status":"closed","template":"","meta":[],"product_brand":[],"product_cat":[88],"product_tag":[155,278,279],"class_list":{"0":"post-5936","1":"product","2":"type-product","3":"status-publish","4":"has-post-thumbnail","6":"product_cat-familiar","7":"product_tag-cartas","8":"product_tag-musica","9":"product_tag-trivia","11":"first","12":"instock","13":"taxable","14":"shipping-taxable","15":"purchasable","16":"product-type-simple"},"jetpack_sharing_enabled":true,"_links":{"self":[{"href":"https:\/\/veneludica.com\/index.php?rest_route=\/wp\/v2\/product\/5936","targetHints":{"allow":["GET"]}}],"collection":[{"href":"https:\/\/veneludica.com\/index.php?rest_route=\/wp\/v2\/product"}],"about":[{"href":"https:\/\/veneludica.com\/index.php?rest_route=\/wp\/v2\/types\/product"}],"replies":[{"embeddable":true,"href":"https:\/\/veneludica.com\/index.php?rest_route=%2Fwp%2Fv2%2Fcomments&post=5936"}],"version-history":[{"count":2,"href":"https:\/\/veneludica.com\/index.php?rest_route=\/wp\/v2\/product\/5936\/revisions"}],"predecessor-version":[{"id":5942,"href":"https:\/\/veneludica.com\/index.php?rest_route=\/wp\/v2\/product\/5936\/revisions\/5942"}],"wp:featuredmedia":[{"embeddable":true,"href":"https:\/\/veneludica.com\/index.php?rest_route=\/wp\/v2\/media\/5937"}],"wp:attachment":[{"href":"https:\/\/veneludica.com\/index.php?rest_route=%2Fwp%2Fv2%2Fmedia&parent=5936"}],"wp:term":[{"taxonomy":"product_brand","embeddable":true,"href":"https:\/\/veneludica.com\/index.php?rest_route=%2Fwp%2Fv2%2Fproduct_brand&post=5936"},{"taxonomy":"product_cat","embeddable":true,"href":"https:\/\/veneludica.com\/index.php?rest_route=%2Fwp%2Fv2%2Fproduct_cat&post=5936"},{"taxonomy":"product_tag","embeddable":true,"href":"https:\/\/veneludica.com\/index.php?rest_route=%2Fwp%2Fv2%2Fproduct_tag&post=5936"}],"curies":[{"name":"wp","href":"https:\/\/api.w.org\/{rel}","templated":true}]}}