{"id":5946,"date":"2026-01-12T04:44:16","date_gmt":"2026-01-12T04:44:16","guid":{"rendered":"https:\/\/veneludica.com\/?post_type=product&#038;p=5946"},"modified":"2026-01-12T04:45:48","modified_gmt":"2026-01-12T04:45:48","slug":"hunger-the-show","status":"publish","type":"product","link":"https:\/\/veneludica.com\/?product=hunger-the-show","title":{"rendered":"HUNGER: The Show"},"content":{"rendered":"<p data-start=\"0\" data-end=\"334\">\u00a1Se ha abierto el casting para el reality show <strong data-start=\"47\" data-end=\"59\">\u201cHUNGER\u201d<\/strong>! \u00bfEst\u00e1s listo para la aventura de tu vida? \u00bfTienes la astucia para sobrevivir junto a otros participantes en una isla tropical desierta? \u00bfO simplemente quieres ganar $1,000,000? Si es as\u00ed, <strong data-start=\"249\" data-end=\"259\">HUNGER<\/strong> busca concursantes autosuficientes para intentar esta atrevida aventura.<\/p>\n<p data-start=\"336\" data-end=\"725\" data-is-last-node=\"\" data-is-only-node=\"\"><strong data-start=\"336\" data-end=\"356\">HUNGER: The Show<\/strong> es un juego familiar r\u00e1pido y lleno de interacci\u00f3n entre jugadores. Para ganar, debes anticipar las acciones de tus oponentes. En la isla, puedes recolectar frutas y atrapar gallinas para conseguir m\u00e1s comida. Pero para ganar, tambi\u00e9n tendr\u00e1s que reunir las piezas de una balsa. Menos mal que nadie pensar\u00eda en robar comida o piezas de balsa a los dem\u00e1s participantes\u2026<\/p>\n<p data-start=\"336\" data-end=\"725\" data-is-last-node=\"\" data-is-only-node=\"\"><a href=\"https:\/\/boardgamegeek.com\/boardgame\/219670\/hunger-the-show\">PAGINA BGG<\/a><\/p>\n<p><iframe title=\"HUNGER: The Show \u2014 game preview at SPIEL &#039;17\" width=\"640\" height=\"360\" src=\"https:\/\/www.youtube.com\/embed\/fj3tN11U0EY?feature=oembed\" frameborder=\"0\" allow=\"accelerometer; autoplay; clipboard-write; encrypted-media; gyroscope; picture-in-picture; web-share\" referrerpolicy=\"strict-origin-when-cross-origin\" allowfullscreen><\/iframe><\/p>\n","protected":false},"excerpt":{"rendered":"<p>\u00a1Se ha abierto el casting para el reality show \u201cHUNGER\u201d! \u00bfEst\u00e1s listo para la aventura de tu vida? \u00bfTienes la astucia para sobrevivir junto a otros participantes en una isla tropical desierta? \u00bfO simplemente quieres ganar $1,000,000? Si es as\u00ed, HUNGER busca concursantes autosuficientes para intentar esta atrevida aventura. HUNGER: The Show es un juego familiar r\u00e1pido y lleno de interacci\u00f3n entre jugadores. Para ganar, debes anticipar las acciones de&hellip;<\/p>\n","protected":false},"featured_media":5947,"comment_status":"open","ping_status":"closed","template":"","meta":[],"product_brand":[],"product_cat":[88,82],"product_tag":[155],"class_list":{"0":"post-5946","1":"product","2":"type-product","3":"status-publish","4":"has-post-thumbnail","6":"product_cat-familiar","7":"product_cat-mentir-bluffing","8":"product_tag-cartas","10":"first","11":"instock","12":"taxable","13":"shipping-taxable","14":"purchasable","15":"product-type-simple"},"jetpack_sharing_enabled":true,"_links":{"self":[{"href":"https:\/\/veneludica.com\/index.php?rest_route=\/wp\/v2\/product\/5946","targetHints":{"allow":["GET"]}}],"collection":[{"href":"https:\/\/veneludica.com\/index.php?rest_route=\/wp\/v2\/product"}],"about":[{"href":"https:\/\/veneludica.com\/index.php?rest_route=\/wp\/v2\/types\/product"}],"replies":[{"embeddable":true,"href":"https:\/\/veneludica.com\/index.php?rest_route=%2Fwp%2Fv2%2Fcomments&post=5946"}],"version-history":[{"count":1,"href":"https:\/\/veneludica.com\/index.php?rest_route=\/wp\/v2\/product\/5946\/revisions"}],"predecessor-version":[{"id":5948,"href":"https:\/\/veneludica.com\/index.php?rest_route=\/wp\/v2\/product\/5946\/revisions\/5948"}],"wp:featuredmedia":[{"embeddable":true,"href":"https:\/\/veneludica.com\/index.php?rest_route=\/wp\/v2\/media\/5947"}],"wp:attachment":[{"href":"https:\/\/veneludica.com\/index.php?rest_route=%2Fwp%2Fv2%2Fmedia&parent=5946"}],"wp:term":[{"taxonomy":"product_brand","embeddable":true,"href":"https:\/\/veneludica.com\/index.php?rest_route=%2Fwp%2Fv2%2Fproduct_brand&post=5946"},{"taxonomy":"product_cat","embeddable":true,"href":"https:\/\/veneludica.com\/index.php?rest_route=%2Fwp%2Fv2%2Fproduct_cat&post=5946"},{"taxonomy":"product_tag","embeddable":true,"href":"https:\/\/veneludica.com\/index.php?rest_route=%2Fwp%2Fv2%2Fproduct_tag&post=5946"}],"curies":[{"name":"wp","href":"https:\/\/api.w.org\/{rel}","templated":true}]}}