{"id":5951,"date":"2026-01-12T04:52:45","date_gmt":"2026-01-12T04:52:45","guid":{"rendered":"https:\/\/veneludica.com\/?post_type=product&#038;p=5951"},"modified":"2026-01-12T04:52:45","modified_gmt":"2026-01-12T04:52:45","slug":"imagine-families","status":"publish","type":"product","link":"https:\/\/veneludica.com\/?product=imagine-families","title":{"rendered":"Imagine Families"},"content":{"rendered":"<div class=\"flex flex-col text-sm pb-25\">\n<article class=\"text-token-text-primary w-full focus:outline-none [--shadow-height:45px] has-data-writing-block:pointer-events-none has-data-writing-block:-mt-(--shadow-height) has-data-writing-block:pt-(--shadow-height) [&amp;:has([data-writing-block])&gt;*]:pointer-events-auto scroll-mt-[calc(var(--header-height)+min(200px,max(70px,20svh)))]\" dir=\"auto\" tabindex=\"-1\" data-turn-id=\"request-695dbbb7-fe08-832b-93b8-6f9eb3451912-112\" data-testid=\"conversation-turn-254\" data-scroll-anchor=\"true\" data-turn=\"assistant\">\n<div class=\"text-base my-auto mx-auto pb-10 [--thread-content-margin:--spacing(4)] @w-sm\/main:[--thread-content-margin:--spacing(6)] @w-lg\/main:[--thread-content-margin:--spacing(16)] px-(--thread-content-margin)\">\n<div class=\"[--thread-content-max-width:40rem] @w-lg\/main:[--thread-content-max-width:48rem] mx-auto max-w-(--thread-content-max-width) flex-1 group\/turn-messages focus-visible:outline-hidden relative flex w-full min-w-0 flex-col agent-turn\" tabindex=\"-1\">\n<div class=\"flex max-w-full flex-col grow\">\n<div class=\"min-h-8 text-message relative flex w-full flex-col items-end gap-2 text-start break-words whitespace-normal [.text-message+&amp;]:mt-1\" dir=\"auto\" data-message-author-role=\"assistant\" data-message-id=\"5bad4f83-4106-4f3e-9912-a9b6fc7723bd\" data-message-model-slug=\"gpt-5-mini\">\n<div class=\"flex w-full flex-col gap-1 empty:hidden first:pt-[1px]\">\n<div class=\"markdown prose dark:prose-invert w-full break-words dark markdown-new-styling\">\n<p data-start=\"0\" data-end=\"297\">Cientos de cosas de todos los \u00e1mbitos de la vida se pueden adivinar usando 60 cartas transparentes en <strong data-start=\"102\" data-end=\"121\">Imagine Famille<\/strong>, ya sea coloc\u00e1ndolas una al lado de la otra o superponi\u00e9ndolas. Casi todo en el mundo puede representarse mediante un concepto simplificado\u2026 \u00a1pero no hables mientras juegas!<\/p>\n<p data-start=\"299\" data-end=\"435\" data-is-last-node=\"\" data-is-only-node=\"\"><strong data-start=\"299\" data-end=\"318\">Imagine Famille<\/strong> mantiene la misma din\u00e1mica de juego que <strong data-start=\"359\" data-end=\"370\" data-is-only-node=\"\">Imagine<\/strong>, pero con conceptos pensados para jugadores un poco m\u00e1s j\u00f3venes.<\/p>\n<\/div>\n<\/div>\n<\/div>\n<\/div>\n<\/div>\n<div class=\"z-0 flex min-h-[46px] justify-start\"><a href=\"https:\/\/boardgamegeek.com\/boardgame\/300908\/imagine-famille\">PAGINA BGG<\/a><\/div>\n<div>\n<p><iframe title=\"Conociendo Imagine Family\" width=\"640\" height=\"360\" src=\"https:\/\/www.youtube.com\/embed\/s7FR42B1Q5s?feature=oembed\" frameborder=\"0\" allow=\"accelerometer; autoplay; clipboard-write; encrypted-media; gyroscope; picture-in-picture; web-share\" referrerpolicy=\"strict-origin-when-cross-origin\" allowfullscreen><\/iframe><\/p>\n<\/div>\n<\/div>\n<\/article>\n<\/div>\n<div class=\"pointer-events-none h-px w-px absolute bottom-0\" aria-hidden=\"true\" data-edge=\"true\"><\/div>\n","protected":false},"excerpt":{"rendered":"<p>Cientos de cosas de todos los \u00e1mbitos de la vida se pueden adivinar usando 60 cartas transparentes en Imagine Famille, ya sea coloc\u00e1ndolas una al lado de la otra o superponi\u00e9ndolas. Casi todo en el mundo puede representarse mediante un concepto simplificado\u2026 \u00a1pero no hables mientras juegas! Imagine Famille mantiene la misma din\u00e1mica de juego que Imagine, pero con conceptos pensados para jugadores un poco m\u00e1s j\u00f3venes. PAGINA BGG<\/p>\n","protected":false},"featured_media":5952,"comment_status":"open","ping_status":"closed","template":"","meta":[],"product_brand":[],"product_cat":[65],"product_tag":[270,221],"class_list":{"0":"post-5951","1":"product","2":"type-product","3":"status-publish","4":"has-post-thumbnail","6":"product_cat-party-games","7":"product_tag-deduccion","8":"product_tag-puzzle","10":"first","11":"instock","12":"taxable","13":"shipping-taxable","14":"purchasable","15":"product-type-simple"},"jetpack_sharing_enabled":true,"_links":{"self":[{"href":"https:\/\/veneludica.com\/index.php?rest_route=\/wp\/v2\/product\/5951","targetHints":{"allow":["GET"]}}],"collection":[{"href":"https:\/\/veneludica.com\/index.php?rest_route=\/wp\/v2\/product"}],"about":[{"href":"https:\/\/veneludica.com\/index.php?rest_route=\/wp\/v2\/types\/product"}],"replies":[{"embeddable":true,"href":"https:\/\/veneludica.com\/index.php?rest_route=%2Fwp%2Fv2%2Fcomments&post=5951"}],"version-history":[{"count":1,"href":"https:\/\/veneludica.com\/index.php?rest_route=\/wp\/v2\/product\/5951\/revisions"}],"predecessor-version":[{"id":5954,"href":"https:\/\/veneludica.com\/index.php?rest_route=\/wp\/v2\/product\/5951\/revisions\/5954"}],"wp:featuredmedia":[{"embeddable":true,"href":"https:\/\/veneludica.com\/index.php?rest_route=\/wp\/v2\/media\/5952"}],"wp:attachment":[{"href":"https:\/\/veneludica.com\/index.php?rest_route=%2Fwp%2Fv2%2Fmedia&parent=5951"}],"wp:term":[{"taxonomy":"product_brand","embeddable":true,"href":"https:\/\/veneludica.com\/index.php?rest_route=%2Fwp%2Fv2%2Fproduct_brand&post=5951"},{"taxonomy":"product_cat","embeddable":true,"href":"https:\/\/veneludica.com\/index.php?rest_route=%2Fwp%2Fv2%2Fproduct_cat&post=5951"},{"taxonomy":"product_tag","embeddable":true,"href":"https:\/\/veneludica.com\/index.php?rest_route=%2Fwp%2Fv2%2Fproduct_tag&post=5951"}],"curies":[{"name":"wp","href":"https:\/\/api.w.org\/{rel}","templated":true}]}}