{"id":5955,"date":"2026-01-12T04:58:07","date_gmt":"2026-01-12T04:58:07","guid":{"rendered":"https:\/\/veneludica.com\/?post_type=product&#038;p=5955"},"modified":"2026-01-12T04:58:08","modified_gmt":"2026-01-12T04:58:08","slug":"istanbul-el-juego-de-dados","status":"publish","type":"product","link":"https:\/\/veneludica.com\/?product=istanbul-el-juego-de-dados","title":{"rendered":"Istanbul el juego de dados"},"content":{"rendered":"<p><strong data-start=\"0\" data-end=\"31\" data-is-only-node=\"\">Istanbul: El juego de dados<\/strong> es un juego de dados independiente en el que los jugadores se sumergen nuevamente en el bullicio del bazar de Estambul para recolectar rub\u00edes y as\u00ed asegurarse la victoria. Usando los dados de manera inteligente, los jugadores pueden obtener dinero y mercanc\u00edas, para luego intercambiarlos por las preciadas joyas.<\/p>\n<p><a href=\"https:\/\/boardgamegeek.com\/boardgame\/235488\/istanbul-the-dice-game\">PAGINA BGG<\/a><\/p>\n<p><iframe title=\"Conociendo Istanbul - El Juego de Dados\" width=\"640\" height=\"360\" src=\"https:\/\/www.youtube.com\/embed\/KeJ5kVKSJWA?feature=oembed\" frameborder=\"0\" allow=\"accelerometer; autoplay; clipboard-write; encrypted-media; gyroscope; picture-in-picture; web-share\" referrerpolicy=\"strict-origin-when-cross-origin\" allowfullscreen><\/iframe><\/p>\n","protected":false},"excerpt":{"rendered":"<p>Istanbul: El juego de dados es un juego de dados independiente en el que los jugadores se sumergen nuevamente en el bullicio del bazar de Estambul para recolectar rub\u00edes y as\u00ed asegurarse la victoria. Usando los dados de manera inteligente, los jugadores pueden obtener dinero y mercanc\u00edas, para luego intercambiarlos por las preciadas joyas. PAGINA BGG<\/p>\n","protected":false},"featured_media":5957,"comment_status":"open","ping_status":"closed","template":"","meta":[],"product_brand":[],"product_cat":[84,88],"product_tag":[93],"class_list":{"0":"post-5955","1":"product","2":"type-product","3":"status-publish","4":"has-post-thumbnail","6":"product_cat-estrategia","7":"product_cat-familiar","8":"product_tag-dados","10":"first","11":"instock","12":"taxable","13":"shipping-taxable","14":"purchasable","15":"product-type-simple"},"jetpack_sharing_enabled":true,"_links":{"self":[{"href":"https:\/\/veneludica.com\/index.php?rest_route=\/wp\/v2\/product\/5955","targetHints":{"allow":["GET"]}}],"collection":[{"href":"https:\/\/veneludica.com\/index.php?rest_route=\/wp\/v2\/product"}],"about":[{"href":"https:\/\/veneludica.com\/index.php?rest_route=\/wp\/v2\/types\/product"}],"replies":[{"embeddable":true,"href":"https:\/\/veneludica.com\/index.php?rest_route=%2Fwp%2Fv2%2Fcomments&post=5955"}],"version-history":[{"count":1,"href":"https:\/\/veneludica.com\/index.php?rest_route=\/wp\/v2\/product\/5955\/revisions"}],"predecessor-version":[{"id":5962,"href":"https:\/\/veneludica.com\/index.php?rest_route=\/wp\/v2\/product\/5955\/revisions\/5962"}],"wp:featuredmedia":[{"embeddable":true,"href":"https:\/\/veneludica.com\/index.php?rest_route=\/wp\/v2\/media\/5957"}],"wp:attachment":[{"href":"https:\/\/veneludica.com\/index.php?rest_route=%2Fwp%2Fv2%2Fmedia&parent=5955"}],"wp:term":[{"taxonomy":"product_brand","embeddable":true,"href":"https:\/\/veneludica.com\/index.php?rest_route=%2Fwp%2Fv2%2Fproduct_brand&post=5955"},{"taxonomy":"product_cat","embeddable":true,"href":"https:\/\/veneludica.com\/index.php?rest_route=%2Fwp%2Fv2%2Fproduct_cat&post=5955"},{"taxonomy":"product_tag","embeddable":true,"href":"https:\/\/veneludica.com\/index.php?rest_route=%2Fwp%2Fv2%2Fproduct_tag&post=5955"}],"curies":[{"name":"wp","href":"https:\/\/api.w.org\/{rel}","templated":true}]}}