{"id":5963,"date":"2026-01-12T05:13:15","date_gmt":"2026-01-12T05:13:15","guid":{"rendered":"https:\/\/veneludica.com\/?post_type=product&#038;p=5963"},"modified":"2026-01-12T05:13:15","modified_gmt":"2026-01-12T05:13:15","slug":"jaipur","status":"publish","type":"product","link":"https:\/\/veneludica.com\/?product=jaipur","title":{"rendered":"Jaipur"},"content":{"rendered":"<p data-start=\"0\" data-end=\"410\">Eres uno de los dos comerciantes m\u00e1s poderosos de la ciudad de Jaipur, la capital de Rajasthan, pero eso no es suficiente, porque solo el mercader que consiga dos &#8220;sellos de excelencia&#8221; tendr\u00e1 el privilegio de ser invitado a la corte del Maharaj\u00e1. Por lo tanto, tendr\u00e1s que superarlo a tu competidor directo comprando, intercambiando y vendiendo a mejores precios, mientras cuidas de tus reba\u00f1os de camellos.<\/p>\n<p data-start=\"412\" data-end=\"543\"><strong data-start=\"412\" data-end=\"422\">Jaipur<\/strong> es un juego de cartas r\u00e1pido, que combina t\u00e1ctica, riesgo y suerte. En tu turno, puedes <strong data-start=\"511\" data-end=\"520\">tomar<\/strong> o <strong data-start=\"523\" data-end=\"533\">vender<\/strong> cartas:<\/p>\n<ul data-start=\"545\" data-end=\"1038\">\n<li data-start=\"545\" data-end=\"701\">\n<p data-start=\"547\" data-end=\"701\"><strong data-start=\"547\" data-end=\"564\">Tomar cartas:<\/strong> debes elegir entre tomar todos los camellos, tomar una carta del mercado o intercambiar de 2 a 5 cartas entre el mercado y tus cartas.<\/p>\n<\/li>\n<li data-start=\"702\" data-end=\"1038\">\n<p data-start=\"704\" data-end=\"1038\"><strong data-start=\"704\" data-end=\"722\">Vender cartas:<\/strong> solo puedes vender un tipo de mercanc\u00eda, y recibir\u00e1s tantas fichas como cartas vendidas. El valor de las fichas disminuye a medida que avanza el juego, \u00a1as\u00ed que ap\u00farate! Pero, a cambio, recibir\u00e1s mayores recompensas si vendes tres, cuatro o cinco cartas del mismo tipo a la vez, \u00a1as\u00ed que tal vez convenga esperar!<\/p>\n<\/li>\n<\/ul>\n<p data-start=\"1040\" data-end=\"1255\" data-is-last-node=\"\" data-is-only-node=\"\">No puedes vender camellos, pero son fundamentales para el comercio y tambi\u00e9n tienen un peque\u00f1o valor al final de la ronda, que a veces puede ser suficiente para asegurar la victoria, as\u00ed que \u00fasalos con inteligencia.<\/p>\n<p data-start=\"1040\" data-end=\"1255\" data-is-last-node=\"\" data-is-only-node=\"\"><a href=\"http:\/\/boardgamegeek.com\/boardgame\/54043\/jaipur\">PAGINA BGG<\/a><\/p>\n<p><iframe title=\"Jaipur: C\u00f3mo Jugar\/Tutorial\" width=\"640\" height=\"360\" src=\"https:\/\/www.youtube.com\/embed\/vvRwNycqKzc?feature=oembed\" frameborder=\"0\" allow=\"accelerometer; autoplay; clipboard-write; encrypted-media; gyroscope; picture-in-picture; web-share\" referrerpolicy=\"strict-origin-when-cross-origin\" allowfullscreen><\/iframe><\/p>\n","protected":false},"excerpt":{"rendered":"<p>Eres uno de los dos comerciantes m\u00e1s poderosos de la ciudad de Jaipur, la capital de Rajasthan, pero eso no es suficiente, porque solo el mercader que consiga dos &#8220;sellos de excelencia&#8221; tendr\u00e1 el privilegio de ser invitado a la corte del Maharaj\u00e1. Por lo tanto, tendr\u00e1s que superarlo a tu competidor directo comprando, intercambiando y vendiendo a mejores precios, mientras cuidas de tus reba\u00f1os de camellos. Jaipur es un&hellip;<\/p>\n","protected":false},"featured_media":5964,"comment_status":"open","ping_status":"closed","template":"","meta":[],"product_brand":[],"product_cat":[88],"product_tag":[155],"class_list":{"0":"post-5963","1":"product","2":"type-product","3":"status-publish","4":"has-post-thumbnail","6":"product_cat-familiar","7":"product_tag-cartas","9":"first","10":"instock","11":"taxable","12":"shipping-taxable","13":"purchasable","14":"product-type-simple"},"jetpack_sharing_enabled":true,"_links":{"self":[{"href":"https:\/\/veneludica.com\/index.php?rest_route=\/wp\/v2\/product\/5963","targetHints":{"allow":["GET"]}}],"collection":[{"href":"https:\/\/veneludica.com\/index.php?rest_route=\/wp\/v2\/product"}],"about":[{"href":"https:\/\/veneludica.com\/index.php?rest_route=\/wp\/v2\/types\/product"}],"replies":[{"embeddable":true,"href":"https:\/\/veneludica.com\/index.php?rest_route=%2Fwp%2Fv2%2Fcomments&post=5963"}],"version-history":[{"count":1,"href":"https:\/\/veneludica.com\/index.php?rest_route=\/wp\/v2\/product\/5963\/revisions"}],"predecessor-version":[{"id":5965,"href":"https:\/\/veneludica.com\/index.php?rest_route=\/wp\/v2\/product\/5963\/revisions\/5965"}],"wp:featuredmedia":[{"embeddable":true,"href":"https:\/\/veneludica.com\/index.php?rest_route=\/wp\/v2\/media\/5964"}],"wp:attachment":[{"href":"https:\/\/veneludica.com\/index.php?rest_route=%2Fwp%2Fv2%2Fmedia&parent=5963"}],"wp:term":[{"taxonomy":"product_brand","embeddable":true,"href":"https:\/\/veneludica.com\/index.php?rest_route=%2Fwp%2Fv2%2Fproduct_brand&post=5963"},{"taxonomy":"product_cat","embeddable":true,"href":"https:\/\/veneludica.com\/index.php?rest_route=%2Fwp%2Fv2%2Fproduct_cat&post=5963"},{"taxonomy":"product_tag","embeddable":true,"href":"https:\/\/veneludica.com\/index.php?rest_route=%2Fwp%2Fv2%2Fproduct_tag&post=5963"}],"curies":[{"name":"wp","href":"https:\/\/api.w.org\/{rel}","templated":true}]}}