{"id":5966,"date":"2026-01-12T05:23:25","date_gmt":"2026-01-12T05:23:25","guid":{"rendered":"https:\/\/veneludica.com\/?post_type=product&#038;p=5966"},"modified":"2026-01-12T05:23:25","modified_gmt":"2026-01-12T05:23:25","slug":"jerusalem","status":"publish","type":"product","link":"https:\/\/veneludica.com\/?product=jerusalem","title":{"rendered":"Jerusalem"},"content":{"rendered":"<p data-start=\"0\" data-end=\"506\">El objetivo de cada jugador es <strong data-start=\"31\" data-end=\"76\">controlar los Sectores clave de la ciudad<\/strong>: el Rey, la Iglesia, el Mercado, el Ej\u00e9rcito, la Nobleza y la Torre de David. Este control se logra <strong data-start=\"177\" data-end=\"244\">consiguiendo el favor de los roles m\u00e1s importantes de la ciudad<\/strong> (como el Condestable) y colocando <strong data-start=\"279\" data-end=\"300\">Hombres y Barones<\/strong> en estos Sectores. Quien tenga m\u00e1s fuerzas obtiene los <strong data-start=\"356\" data-end=\"368\">Ingresos<\/strong> de esa zona: Hombres, Oro y Puntos de Torre. Los jugadores pueden usar estos nuevos recursos para <strong data-start=\"467\" data-end=\"503\">mejorar su posici\u00f3n en la ciudad<\/strong>.<\/p>\n<p data-start=\"508\" data-end=\"733\">Al final de cada ronda, los jugadores pueden <strong data-start=\"553\" data-end=\"580\">hacer crecer sus Torres<\/strong> construyendo nuevos pisos. Tambi\u00e9n deber\u00e1n gestionar los <strong data-start=\"638\" data-end=\"664\">Privilegios Especiales<\/strong> y los <strong data-start=\"671\" data-end=\"692\">Eventos negativos<\/strong> que se activan al final de cada ronda.<\/p>\n<p data-start=\"735\" data-end=\"845\" data-is-last-node=\"\" data-is-only-node=\"\">Al final del juego, <strong data-start=\"755\" data-end=\"807\">el jugador con la Torre m\u00e1s alta ser\u00e1 el ganador<\/strong> y su familia <strong data-start=\"821\" data-end=\"844\">gobernar\u00e1 la ciudad<\/strong>.<\/p>\n<p data-start=\"735\" data-end=\"845\" data-is-last-node=\"\" data-is-only-node=\"\"><a href=\"https:\/\/boardgamegeek.com\/boardgame\/63632\/jerusalem\">PAGINA BGG<\/a><\/p>\n<p><iframe title=\"Jerusalem (gioco da tavolo) - Tutorial italiano\" width=\"640\" height=\"360\" src=\"https:\/\/www.youtube.com\/embed\/O-yr3Hh8_TQ?feature=oembed\" frameborder=\"0\" allow=\"accelerometer; autoplay; clipboard-write; encrypted-media; gyroscope; picture-in-picture; web-share\" referrerpolicy=\"strict-origin-when-cross-origin\" allowfullscreen><\/iframe><\/p>\n","protected":false},"excerpt":{"rendered":"<p>El objetivo de cada jugador es controlar los Sectores clave de la ciudad: el Rey, la Iglesia, el Mercado, el Ej\u00e9rcito, la Nobleza y la Torre de David. Este control se logra consiguiendo el favor de los roles m\u00e1s importantes de la ciudad (como el Condestable) y colocando Hombres y Barones en estos Sectores. Quien tenga m\u00e1s fuerzas obtiene los Ingresos de esa zona: Hombres, Oro y Puntos de Torre.&hellip;<\/p>\n","protected":false},"featured_media":5967,"comment_status":"open","ping_status":"closed","template":"","meta":[],"product_brand":[],"product_cat":[84],"product_tag":[284],"class_list":{"0":"post-5966","1":"product","2":"type-product","3":"status-publish","4":"has-post-thumbnail","6":"product_cat-estrategia","7":"product_tag-medieval","9":"first","10":"instock","11":"taxable","12":"shipping-taxable","13":"purchasable","14":"product-type-simple"},"jetpack_sharing_enabled":true,"_links":{"self":[{"href":"https:\/\/veneludica.com\/index.php?rest_route=\/wp\/v2\/product\/5966","targetHints":{"allow":["GET"]}}],"collection":[{"href":"https:\/\/veneludica.com\/index.php?rest_route=\/wp\/v2\/product"}],"about":[{"href":"https:\/\/veneludica.com\/index.php?rest_route=\/wp\/v2\/types\/product"}],"replies":[{"embeddable":true,"href":"https:\/\/veneludica.com\/index.php?rest_route=%2Fwp%2Fv2%2Fcomments&post=5966"}],"version-history":[{"count":1,"href":"https:\/\/veneludica.com\/index.php?rest_route=\/wp\/v2\/product\/5966\/revisions"}],"predecessor-version":[{"id":5970,"href":"https:\/\/veneludica.com\/index.php?rest_route=\/wp\/v2\/product\/5966\/revisions\/5970"}],"wp:featuredmedia":[{"embeddable":true,"href":"https:\/\/veneludica.com\/index.php?rest_route=\/wp\/v2\/media\/5967"}],"wp:attachment":[{"href":"https:\/\/veneludica.com\/index.php?rest_route=%2Fwp%2Fv2%2Fmedia&parent=5966"}],"wp:term":[{"taxonomy":"product_brand","embeddable":true,"href":"https:\/\/veneludica.com\/index.php?rest_route=%2Fwp%2Fv2%2Fproduct_brand&post=5966"},{"taxonomy":"product_cat","embeddable":true,"href":"https:\/\/veneludica.com\/index.php?rest_route=%2Fwp%2Fv2%2Fproduct_cat&post=5966"},{"taxonomy":"product_tag","embeddable":true,"href":"https:\/\/veneludica.com\/index.php?rest_route=%2Fwp%2Fv2%2Fproduct_tag&post=5966"}],"curies":[{"name":"wp","href":"https:\/\/api.w.org\/{rel}","templated":true}]}}