{"id":5980,"date":"2026-01-12T06:04:46","date_gmt":"2026-01-12T06:04:46","guid":{"rendered":"https:\/\/veneludica.com\/?post_type=product&#038;p=5980"},"modified":"2026-01-12T06:04:46","modified_gmt":"2026-01-12T06:04:46","slug":"jolly-roger-the-game-of-piracy-mutiny","status":"publish","type":"product","link":"https:\/\/veneludica.com\/?product=jolly-roger-the-game-of-piracy-mutiny","title":{"rendered":"Jolly Roger: The game of Piracy &#038; Mutiny"},"content":{"rendered":"<div class=\"flex flex-col text-sm pb-25\">\n<article class=\"text-token-text-primary w-full focus:outline-none [--shadow-height:45px] has-data-writing-block:pointer-events-none has-data-writing-block:-mt-(--shadow-height) has-data-writing-block:pt-(--shadow-height) [&amp;:has([data-writing-block])&gt;*]:pointer-events-auto scroll-mt-[calc(var(--header-height)+min(200px,max(70px,20svh)))]\" dir=\"auto\" tabindex=\"-1\" data-turn-id=\"request-695dbbb7-fe08-832b-93b8-6f9eb3451912-1\" data-testid=\"conversation-turn-264\" data-scroll-anchor=\"true\" data-turn=\"assistant\">\n<div class=\"text-base my-auto mx-auto pb-10 [--thread-content-margin:--spacing(4)] @w-sm\/main:[--thread-content-margin:--spacing(6)] @w-lg\/main:[--thread-content-margin:--spacing(16)] px-(--thread-content-margin)\">\n<div class=\"[--thread-content-max-width:40rem] @w-lg\/main:[--thread-content-max-width:48rem] mx-auto max-w-(--thread-content-max-width) flex-1 group\/turn-messages focus-visible:outline-hidden relative flex w-full min-w-0 flex-col agent-turn\" tabindex=\"-1\">\n<div class=\"flex max-w-full flex-col grow\">\n<div class=\"min-h-8 text-message relative flex w-full flex-col items-end gap-2 text-start break-words whitespace-normal [.text-message+&amp;]:mt-1\" dir=\"auto\" data-message-author-role=\"assistant\" data-message-id=\"200d38b1-e69e-40d2-9e39-6b2a76fae855\" data-message-model-slug=\"gpt-5-mini\">\n<div class=\"flex w-full flex-col gap-1 empty:hidden first:pt-[1px]\">\n<div class=\"markdown prose dark:prose-invert w-full break-words dark markdown-new-styling\">\n<p data-start=\"0\" data-end=\"336\"><strong data-start=\"0\" data-end=\"46\">Jolly Roger: El Juego de Pirater\u00eda y Mot\u00edn<\/strong> te pone en la piel de un miembro de la tripulaci\u00f3n de un barco pirata que acaba de elegir un nuevo capit\u00e1n. Este capit\u00e1n te llevar\u00e1 hacia la <strong data-start=\"188\" data-end=\"210\">riqueza o la ruina<\/strong>, pero si no est\u00e1s de acuerdo con sus decisiones, siempre puedes iniciar un <strong data-start=\"286\" data-end=\"295\">mot\u00edn<\/strong> y convertirte en el siguiente capit\u00e1n.<\/p>\n<p data-start=\"338\" data-end=\"354\">En cada turno:<\/p>\n<ol data-start=\"355\" data-end=\"661\">\n<li data-start=\"355\" data-end=\"437\">\n<p data-start=\"358\" data-end=\"437\">El <strong data-start=\"361\" data-end=\"372\">capit\u00e1n<\/strong> elige un <strong data-start=\"382\" data-end=\"393\">destino<\/strong> para el barco o un <strong data-start=\"413\" data-end=\"434\">objetivo a atacar<\/strong>.<\/p>\n<\/li>\n<li data-start=\"438\" data-end=\"530\">\n<p data-start=\"441\" data-end=\"530\">Durante el ataque, los jugadores <strong data-start=\"474\" data-end=\"500\">cooperan (m\u00e1s o menos)<\/strong> para derrotar a la v\u00edctima.<\/p>\n<\/li>\n<li data-start=\"531\" data-end=\"661\">\n<p data-start=\"534\" data-end=\"661\">Despu\u00e9s del ataque, <strong data-start=\"554\" data-end=\"578\">se reparte el tesoro<\/strong>, pero tu oro nunca est\u00e1 seguro hasta que lo <strong data-start=\"623\" data-end=\"658\">entierres en la Isla del Tesoro<\/strong>.<\/p>\n<\/li>\n<\/ol>\n<p data-start=\"663\" data-end=\"1030\">Mientras realizas el ataque, siempre hay <strong data-start=\"704\" data-end=\"733\">tensi\u00f3n en la tripulaci\u00f3n<\/strong>. Cada vez que el capit\u00e1n toma una decisi\u00f3n, otro jugador puede <strong data-start=\"797\" data-end=\"815\">gritar &#8220;Mot\u00edn&#8221;<\/strong> e intentar derrocarlo para convertirse en el nuevo capit\u00e1n. Durante el mot\u00edn, tendr\u00e1s que decidir <strong data-start=\"914\" data-end=\"938\">c\u00f3mo usar tus cartas<\/strong>, cu\u00e1nto cooperar durante el asalto y qu\u00e9 reservar para la siguiente oportunidad de mot\u00edn.<\/p>\n<p data-start=\"1032\" data-end=\"1205\" data-is-last-node=\"\" data-is-only-node=\"\">Como buen pirata, tu <strong data-start=\"1053\" data-end=\"1078\">mayor deseo es el oro<\/strong>, y har\u00e1s lo que sea necesario para conseguirlo. Al final, <strong data-start=\"1137\" data-end=\"1204\">el jugador que re\u00fana m\u00e1s oro ser\u00e1 el pirata m\u00e1s rico de Tortuga<\/strong>.<\/p>\n<p data-start=\"1032\" data-end=\"1205\" data-is-last-node=\"\" data-is-only-node=\"\"><a href=\"https:\/\/boardgamegeek.com\/boardgame\/165959\/jolly-roger-the-game-of-piracy-and-mutiny\">PAGINA BGG<\/a><\/p>\n<p><iframe title=\"Reboy 16 - Jolly Roger (Como Jogar) - Parte 1\" width=\"640\" height=\"360\" src=\"https:\/\/www.youtube.com\/embed\/CSCCH5HvuXM?feature=oembed\" frameborder=\"0\" allow=\"accelerometer; autoplay; clipboard-write; encrypted-media; gyroscope; picture-in-picture; web-share\" referrerpolicy=\"strict-origin-when-cross-origin\" allowfullscreen><\/iframe><\/p>\n<\/div>\n<\/div>\n<\/div>\n<\/div>\n<\/div>\n<\/div>\n<\/article>\n<\/div>\n","protected":false},"excerpt":{"rendered":"<p>Jolly Roger: El Juego de Pirater\u00eda y Mot\u00edn te pone en la piel de un miembro de la tripulaci\u00f3n de un barco pirata que acaba de elegir un nuevo capit\u00e1n. Este capit\u00e1n te llevar\u00e1 hacia la riqueza o la ruina, pero si no est\u00e1s de acuerdo con sus decisiones, siempre puedes iniciar un mot\u00edn y convertirte en el siguiente capit\u00e1n. En cada turno: El capit\u00e1n elige un destino para el&hellip;<\/p>\n","protected":false},"featured_media":5981,"comment_status":"open","ping_status":"closed","template":"","meta":[],"product_brand":[],"product_cat":[65],"product_tag":[155,286],"class_list":{"0":"post-5980","1":"product","2":"type-product","3":"status-publish","4":"has-post-thumbnail","6":"product_cat-party-games","7":"product_tag-cartas","8":"product_tag-piratas","10":"first","11":"instock","12":"taxable","13":"shipping-taxable","14":"purchasable","15":"product-type-simple"},"jetpack_sharing_enabled":true,"_links":{"self":[{"href":"https:\/\/veneludica.com\/index.php?rest_route=\/wp\/v2\/product\/5980","targetHints":{"allow":["GET"]}}],"collection":[{"href":"https:\/\/veneludica.com\/index.php?rest_route=\/wp\/v2\/product"}],"about":[{"href":"https:\/\/veneludica.com\/index.php?rest_route=\/wp\/v2\/types\/product"}],"replies":[{"embeddable":true,"href":"https:\/\/veneludica.com\/index.php?rest_route=%2Fwp%2Fv2%2Fcomments&post=5980"}],"version-history":[{"count":1,"href":"https:\/\/veneludica.com\/index.php?rest_route=\/wp\/v2\/product\/5980\/revisions"}],"predecessor-version":[{"id":5982,"href":"https:\/\/veneludica.com\/index.php?rest_route=\/wp\/v2\/product\/5980\/revisions\/5982"}],"wp:featuredmedia":[{"embeddable":true,"href":"https:\/\/veneludica.com\/index.php?rest_route=\/wp\/v2\/media\/5981"}],"wp:attachment":[{"href":"https:\/\/veneludica.com\/index.php?rest_route=%2Fwp%2Fv2%2Fmedia&parent=5980"}],"wp:term":[{"taxonomy":"product_brand","embeddable":true,"href":"https:\/\/veneludica.com\/index.php?rest_route=%2Fwp%2Fv2%2Fproduct_brand&post=5980"},{"taxonomy":"product_cat","embeddable":true,"href":"https:\/\/veneludica.com\/index.php?rest_route=%2Fwp%2Fv2%2Fproduct_cat&post=5980"},{"taxonomy":"product_tag","embeddable":true,"href":"https:\/\/veneludica.com\/index.php?rest_route=%2Fwp%2Fv2%2Fproduct_tag&post=5980"}],"curies":[{"name":"wp","href":"https:\/\/api.w.org\/{rel}","templated":true}]}}