{"id":5983,"date":"2026-01-12T06:12:06","date_gmt":"2026-01-12T06:12:06","guid":{"rendered":"https:\/\/veneludica.com\/?post_type=product&#038;p=5983"},"modified":"2026-01-12T06:12:06","modified_gmt":"2026-01-12T06:12:06","slug":"juan-con-suerte","status":"publish","type":"product","link":"https:\/\/veneludica.com\/?product=juan-con-suerte","title":{"rendered":"Juan con Suerte"},"content":{"rendered":"<div class=\"flex flex-col text-sm pb-25\">\n<article class=\"text-token-text-primary w-full focus:outline-none [--shadow-height:45px] has-data-writing-block:pointer-events-none has-data-writing-block:-mt-(--shadow-height) has-data-writing-block:pt-(--shadow-height) [&amp;:has([data-writing-block])&gt;*]:pointer-events-auto scroll-mt-[calc(var(--header-height)+min(200px,max(70px,20svh)))]\" dir=\"auto\" tabindex=\"-1\" data-turn-id=\"request-695dbbb7-fe08-832b-93b8-6f9eb3451912-2\" data-testid=\"conversation-turn-266\" data-scroll-anchor=\"true\" data-turn=\"assistant\">\n<div class=\"text-base my-auto mx-auto pb-10 [--thread-content-margin:--spacing(4)] @w-sm\/main:[--thread-content-margin:--spacing(6)] @w-lg\/main:[--thread-content-margin:--spacing(16)] px-(--thread-content-margin)\">\n<div class=\"[--thread-content-max-width:40rem] @w-lg\/main:[--thread-content-max-width:48rem] mx-auto max-w-(--thread-content-max-width) flex-1 group\/turn-messages focus-visible:outline-hidden relative flex w-full min-w-0 flex-col agent-turn\" tabindex=\"-1\">\n<div class=\"flex max-w-full flex-col grow\">\n<div class=\"min-h-8 text-message relative flex w-full flex-col items-end gap-2 text-start break-words whitespace-normal [.text-message+&amp;]:mt-1\" dir=\"auto\" data-message-author-role=\"assistant\" data-message-id=\"e5aacaaf-bf2b-4e80-810e-db080d1b123f\" data-message-model-slug=\"gpt-5-mini\">\n<div class=\"flex w-full flex-col gap-1 empty:hidden first:pt-[1px]\">\n<div class=\"markdown prose dark:prose-invert w-full break-words dark markdown-new-styling\">\n<p data-start=\"0\" data-end=\"355\" data-is-last-node=\"\" data-is-only-node=\"\">La <strong data-start=\"3\" data-end=\"26\">suerte de los dados<\/strong> decidir\u00e1 cu\u00e1ntas de tus fichas tendr\u00e1s que intercambiar por el siguiente animal. Pero una advertencia: en este juego <strong data-start=\"144\" data-end=\"188\">no se trata de acumular la mayor riqueza<\/strong>, sino de encontrar la <strong data-start=\"211\" data-end=\"233\">felicidad absoluta<\/strong>. El primer jugador que consiga el <strong data-start=\"268\" data-end=\"294\">tr\u00e9bol de cuatro hojas<\/strong> intercambiando h\u00e1bilmente todo lo que tenga ser\u00e1 el ganador.<\/p>\n<p data-start=\"0\" data-end=\"355\" data-is-last-node=\"\" data-is-only-node=\"\"><a href=\"https:\/\/boardgamegeek.com\/boardgame\/285526\/hans-im-gluck\">PAGINA BGG<\/a><\/p>\n<\/div>\n<\/div>\n<\/div>\n<\/div>\n<div class=\"z-0 flex min-h-[46px] justify-start\">\n<p><iframe title=\"HABA Juan con suerte (Instrucciones)\" width=\"640\" height=\"360\" src=\"https:\/\/www.youtube.com\/embed\/C4hrBhenIvM?feature=oembed\" frameborder=\"0\" allow=\"accelerometer; autoplay; clipboard-write; encrypted-media; gyroscope; picture-in-picture; web-share\" referrerpolicy=\"strict-origin-when-cross-origin\" allowfullscreen><\/iframe><\/p>\n<\/div>\n<div class=\"mt-3 w-full empty:hidden\">\n<div class=\"text-center\"><\/div>\n<\/div>\n<\/div>\n<\/div>\n<\/article>\n<\/div>\n<div class=\"pointer-events-none h-px w-px absolute bottom-0\" aria-hidden=\"true\" data-edge=\"true\"><\/div>\n","protected":false},"excerpt":{"rendered":"<p>La suerte de los dados decidir\u00e1 cu\u00e1ntas de tus fichas tendr\u00e1s que intercambiar por el siguiente animal. Pero una advertencia: en este juego no se trata de acumular la mayor riqueza, sino de encontrar la felicidad absoluta. El primer jugador que consiga el tr\u00e9bol de cuatro hojas intercambiando h\u00e1bilmente todo lo que tenga ser\u00e1 el ganador. PAGINA BGG<\/p>\n","protected":false},"featured_media":5984,"comment_status":"open","ping_status":"closed","template":"","meta":[],"product_brand":[],"product_cat":[269],"product_tag":[85],"class_list":{"0":"post-5983","1":"product","2":"type-product","3":"status-publish","4":"has-post-thumbnail","6":"product_cat-juegos-infantiles","7":"product_tag-animales","9":"first","10":"instock","11":"taxable","12":"shipping-taxable","13":"purchasable","14":"product-type-simple"},"jetpack_sharing_enabled":true,"_links":{"self":[{"href":"https:\/\/veneludica.com\/index.php?rest_route=\/wp\/v2\/product\/5983","targetHints":{"allow":["GET"]}}],"collection":[{"href":"https:\/\/veneludica.com\/index.php?rest_route=\/wp\/v2\/product"}],"about":[{"href":"https:\/\/veneludica.com\/index.php?rest_route=\/wp\/v2\/types\/product"}],"replies":[{"embeddable":true,"href":"https:\/\/veneludica.com\/index.php?rest_route=%2Fwp%2Fv2%2Fcomments&post=5983"}],"version-history":[{"count":1,"href":"https:\/\/veneludica.com\/index.php?rest_route=\/wp\/v2\/product\/5983\/revisions"}],"predecessor-version":[{"id":5985,"href":"https:\/\/veneludica.com\/index.php?rest_route=\/wp\/v2\/product\/5983\/revisions\/5985"}],"wp:featuredmedia":[{"embeddable":true,"href":"https:\/\/veneludica.com\/index.php?rest_route=\/wp\/v2\/media\/5984"}],"wp:attachment":[{"href":"https:\/\/veneludica.com\/index.php?rest_route=%2Fwp%2Fv2%2Fmedia&parent=5983"}],"wp:term":[{"taxonomy":"product_brand","embeddable":true,"href":"https:\/\/veneludica.com\/index.php?rest_route=%2Fwp%2Fv2%2Fproduct_brand&post=5983"},{"taxonomy":"product_cat","embeddable":true,"href":"https:\/\/veneludica.com\/index.php?rest_route=%2Fwp%2Fv2%2Fproduct_cat&post=5983"},{"taxonomy":"product_tag","embeddable":true,"href":"https:\/\/veneludica.com\/index.php?rest_route=%2Fwp%2Fv2%2Fproduct_tag&post=5983"}],"curies":[{"name":"wp","href":"https:\/\/api.w.org\/{rel}","templated":true}]}}