{"id":5990,"date":"2026-01-12T06:43:45","date_gmt":"2026-01-12T06:43:45","guid":{"rendered":"https:\/\/veneludica.com\/?post_type=product&#038;p=5990"},"modified":"2026-01-12T06:43:45","modified_gmt":"2026-01-12T06:43:45","slug":"jungle-speed-beach","status":"publish","type":"product","link":"https:\/\/veneludica.com\/?product=jungle-speed-beach","title":{"rendered":"Jungle Speed Beach"},"content":{"rendered":"<p data-start=\"0\" data-end=\"358\">En <strong data-start=\"3\" data-end=\"19\">Jungle Speed<\/strong> debes confiar en tu <strong data-start=\"40\" data-end=\"75\">agudo sentido de la observaci\u00f3n<\/strong> y tus <strong data-start=\"82\" data-end=\"102\">r\u00e1pidos reflejos<\/strong>. Se necesita una mano firme \u2014\u00a1lo cual puede ser dif\u00edcil de mantener entre tantos ataques de risa mani\u00e1tica! El <strong data-start=\"214\" data-end=\"233\">T\u00f3tem de madera<\/strong> se encuentra en el centro de la mesa, esperando al jugador con los reflejos m\u00e1s veloces para agarrarlo y ganar la partida.<\/p>\n<p data-start=\"360\" data-end=\"698\">A cada jugador se le reparte una <strong data-start=\"393\" data-end=\"411\">mano de cartas<\/strong>. Para ganar, debes ser el <strong data-start=\"438\" data-end=\"490\">primer jugador en deshacerte de todas tus cartas<\/strong>. En cada turno, todos los jugadores revelan una de sus cartas. Si dos cartas son id\u00e9nticas, esos jugadores deben <strong data-start=\"604\" data-end=\"627\">luchar por el T\u00f3tem<\/strong>. El jugador m\u00e1s r\u00e1pido le da sus cartas a su desafortunado oponente.<\/p>\n<p data-start=\"700\" data-end=\"1002\">Para aumentar la dificultad, algunas cartas son casi id\u00e9nticas y pueden <strong data-start=\"772\" data-end=\"809\">enga\u00f1ar a un jugador desprevenido<\/strong>, haci\u00e9ndole agarrar el T\u00f3tem por error \u2014\u00a1un grave fallo! Otras cartas obligan a todos los jugadores a agarrar el T\u00f3tem a la vez, cambian el modo de juego o a\u00f1aden complicaciones adicionales.<\/p>\n<p data-start=\"700\" data-end=\"1002\"><a href=\"https:\/\/boardgamegeek.com\/boardgame\/8098\/jungle-speed\">PAGINA BGG<\/a><\/p>\n<p><iframe title=\"Jungle Speed Beach - Juego de Mesa - Rese\u00f1a\/aprende a jugar\" width=\"640\" height=\"360\" src=\"https:\/\/www.youtube.com\/embed\/3Vm73qTDZ7E?feature=oembed\" frameborder=\"0\" allow=\"accelerometer; autoplay; clipboard-write; encrypted-media; gyroscope; picture-in-picture; web-share\" referrerpolicy=\"strict-origin-when-cross-origin\" allowfullscreen><\/iframe><\/p>\n","protected":false},"excerpt":{"rendered":"<p>En Jungle Speed debes confiar en tu agudo sentido de la observaci\u00f3n y tus r\u00e1pidos reflejos. Se necesita una mano firme \u2014\u00a1lo cual puede ser dif\u00edcil de mantener entre tantos ataques de risa mani\u00e1tica! El T\u00f3tem de madera se encuentra en el centro de la mesa, esperando al jugador con los reflejos m\u00e1s veloces para agarrarlo y ganar la partida. A cada jugador se le reparte una mano de cartas.&hellip;<\/p>\n","protected":false},"featured_media":5991,"comment_status":"open","ping_status":"closed","template":"","meta":[],"product_brand":[],"product_cat":[65],"product_tag":[155],"class_list":{"0":"post-5990","1":"product","2":"type-product","3":"status-publish","4":"has-post-thumbnail","6":"product_cat-party-games","7":"product_tag-cartas","9":"first","10":"instock","11":"taxable","12":"shipping-taxable","13":"purchasable","14":"product-type-simple"},"jetpack_sharing_enabled":true,"_links":{"self":[{"href":"https:\/\/veneludica.com\/index.php?rest_route=\/wp\/v2\/product\/5990","targetHints":{"allow":["GET"]}}],"collection":[{"href":"https:\/\/veneludica.com\/index.php?rest_route=\/wp\/v2\/product"}],"about":[{"href":"https:\/\/veneludica.com\/index.php?rest_route=\/wp\/v2\/types\/product"}],"replies":[{"embeddable":true,"href":"https:\/\/veneludica.com\/index.php?rest_route=%2Fwp%2Fv2%2Fcomments&post=5990"}],"version-history":[{"count":1,"href":"https:\/\/veneludica.com\/index.php?rest_route=\/wp\/v2\/product\/5990\/revisions"}],"predecessor-version":[{"id":5993,"href":"https:\/\/veneludica.com\/index.php?rest_route=\/wp\/v2\/product\/5990\/revisions\/5993"}],"wp:featuredmedia":[{"embeddable":true,"href":"https:\/\/veneludica.com\/index.php?rest_route=\/wp\/v2\/media\/5991"}],"wp:attachment":[{"href":"https:\/\/veneludica.com\/index.php?rest_route=%2Fwp%2Fv2%2Fmedia&parent=5990"}],"wp:term":[{"taxonomy":"product_brand","embeddable":true,"href":"https:\/\/veneludica.com\/index.php?rest_route=%2Fwp%2Fv2%2Fproduct_brand&post=5990"},{"taxonomy":"product_cat","embeddable":true,"href":"https:\/\/veneludica.com\/index.php?rest_route=%2Fwp%2Fv2%2Fproduct_cat&post=5990"},{"taxonomy":"product_tag","embeddable":true,"href":"https:\/\/veneludica.com\/index.php?rest_route=%2Fwp%2Fv2%2Fproduct_tag&post=5990"}],"curies":[{"name":"wp","href":"https:\/\/api.w.org\/{rel}","templated":true}]}}