{"id":5996,"date":"2026-01-12T06:49:45","date_gmt":"2026-01-12T06:49:45","guid":{"rendered":"https:\/\/veneludica.com\/?post_type=product&#038;p=5996"},"modified":"2026-01-12T06:49:45","modified_gmt":"2026-01-12T06:49:45","slug":"jungle-speed-collectors-edition","status":"publish","type":"product","link":"https:\/\/veneludica.com\/?product=jungle-speed-collectors-edition","title":{"rendered":"Jungle Speed Collectors Edition"},"content":{"rendered":"<p data-start=\"0\" data-end=\"338\"><strong data-start=\"0\" data-end=\"26\">Jungle Speed Collector<\/strong> es una nueva versi\u00f3n del famoso juego de cartas adictivo que combina <strong data-start=\"96\" data-end=\"133\" data-is-only-node=\"\">observaci\u00f3n, velocidad y reflejos<\/strong>. Contiene <strong data-start=\"144\" data-end=\"166\">el doble de cartas<\/strong> que en el juego cl\u00e1sico de Jungle Speed: un <strong data-start=\"211\" data-end=\"242\">mazo de 70 cartas id\u00e9nticas<\/strong> a la versi\u00f3n cl\u00e1sica y <strong data-start=\"266\" data-end=\"300\">un mazo exclusivo de 70 cartas<\/strong> con <strong data-start=\"305\" data-end=\"335\">s\u00edmbolos totalmente nuevos<\/strong>.<\/p>\n<p data-start=\"340\" data-end=\"592\" data-is-last-node=\"\" data-is-only-node=\"\">Esta <strong data-start=\"345\" data-end=\"366\">Edici\u00f3n Collector<\/strong> tambi\u00e9n marca el <strong data-start=\"384\" data-end=\"425\">regreso de la carta de color especial<\/strong> y un <strong data-start=\"431\" data-end=\"446\">nuevo t\u00f3tem<\/strong>. Con esta edici\u00f3n, el juego puede jugarse ahora hasta <strong data-start=\"501\" data-end=\"517\">10 jugadores<\/strong>, y las nuevas cartas ofrecen partidas <strong data-start=\"556\" data-end=\"591\">a\u00fan m\u00e1s emocionantes y r\u00edtmicas<\/strong>.<\/p>\n<p data-start=\"340\" data-end=\"592\" data-is-last-node=\"\" data-is-only-node=\"\"><a href=\"https:\/\/boardgamegeek.com\/boardgame\/388327\/jungle-speed-collector\">PAGINA BGG<\/a><\/p>\n<p><iframe title=\"Jungle Speed | C\u00f3mo se juega\" width=\"640\" height=\"360\" src=\"https:\/\/www.youtube.com\/embed\/KpxXn-LQ3A8?feature=oembed\" frameborder=\"0\" allow=\"accelerometer; autoplay; clipboard-write; encrypted-media; gyroscope; picture-in-picture; web-share\" referrerpolicy=\"strict-origin-when-cross-origin\" allowfullscreen><\/iframe><\/p>\n","protected":false},"excerpt":{"rendered":"<p>Jungle Speed Collector es una nueva versi\u00f3n del famoso juego de cartas adictivo que combina observaci\u00f3n, velocidad y reflejos. Contiene el doble de cartas que en el juego cl\u00e1sico de Jungle Speed: un mazo de 70 cartas id\u00e9nticas a la versi\u00f3n cl\u00e1sica y un mazo exclusivo de 70 cartas con s\u00edmbolos totalmente nuevos. Esta Edici\u00f3n Collector tambi\u00e9n marca el regreso de la carta de color especial y un nuevo t\u00f3tem.&hellip;<\/p>\n","protected":false},"featured_media":5997,"comment_status":"open","ping_status":"closed","template":"","meta":[],"product_brand":[],"product_cat":[88],"product_tag":[155],"class_list":{"0":"post-5996","1":"product","2":"type-product","3":"status-publish","4":"has-post-thumbnail","6":"product_cat-familiar","7":"product_tag-cartas","9":"first","10":"instock","11":"taxable","12":"shipping-taxable","13":"purchasable","14":"product-type-simple"},"jetpack_sharing_enabled":true,"_links":{"self":[{"href":"https:\/\/veneludica.com\/index.php?rest_route=\/wp\/v2\/product\/5996","targetHints":{"allow":["GET"]}}],"collection":[{"href":"https:\/\/veneludica.com\/index.php?rest_route=\/wp\/v2\/product"}],"about":[{"href":"https:\/\/veneludica.com\/index.php?rest_route=\/wp\/v2\/types\/product"}],"replies":[{"embeddable":true,"href":"https:\/\/veneludica.com\/index.php?rest_route=%2Fwp%2Fv2%2Fcomments&post=5996"}],"version-history":[{"count":1,"href":"https:\/\/veneludica.com\/index.php?rest_route=\/wp\/v2\/product\/5996\/revisions"}],"predecessor-version":[{"id":5999,"href":"https:\/\/veneludica.com\/index.php?rest_route=\/wp\/v2\/product\/5996\/revisions\/5999"}],"wp:featuredmedia":[{"embeddable":true,"href":"https:\/\/veneludica.com\/index.php?rest_route=\/wp\/v2\/media\/5997"}],"wp:attachment":[{"href":"https:\/\/veneludica.com\/index.php?rest_route=%2Fwp%2Fv2%2Fmedia&parent=5996"}],"wp:term":[{"taxonomy":"product_brand","embeddable":true,"href":"https:\/\/veneludica.com\/index.php?rest_route=%2Fwp%2Fv2%2Fproduct_brand&post=5996"},{"taxonomy":"product_cat","embeddable":true,"href":"https:\/\/veneludica.com\/index.php?rest_route=%2Fwp%2Fv2%2Fproduct_cat&post=5996"},{"taxonomy":"product_tag","embeddable":true,"href":"https:\/\/veneludica.com\/index.php?rest_route=%2Fwp%2Fv2%2Fproduct_tag&post=5996"}],"curies":[{"name":"wp","href":"https:\/\/api.w.org\/{rel}","templated":true}]}}