{"id":6000,"date":"2026-01-12T16:11:31","date_gmt":"2026-01-12T16:11:31","guid":{"rendered":"https:\/\/veneludica.com\/?post_type=product&#038;p=6000"},"modified":"2026-01-12T16:11:31","modified_gmt":"2026-01-12T16:11:31","slug":"kart-on-ice","status":"publish","type":"product","link":"https:\/\/veneludica.com\/?product=kart-on-ice","title":{"rendered":"Kart on Ice"},"content":{"rendered":"<div class=\"flex flex-col text-sm pb-25\">\n<article class=\"text-token-text-primary w-full focus:outline-none [--shadow-height:45px] has-data-writing-block:pointer-events-none has-data-writing-block:-mt-(--shadow-height) has-data-writing-block:pt-(--shadow-height) [&amp;:has([data-writing-block])&gt;*]:pointer-events-auto scroll-mt-[calc(var(--header-height)+min(200px,max(70px,20svh)))]\" dir=\"auto\" tabindex=\"-1\" data-turn-id=\"99726b8c-9e44-468f-b3bb-c37db3f81c68\" data-testid=\"conversation-turn-274\" data-scroll-anchor=\"true\" data-turn=\"assistant\">\n<div class=\"text-base my-auto mx-auto pb-10 [--thread-content-margin:--spacing(4)] @w-sm\/main:[--thread-content-margin:--spacing(6)] @w-lg\/main:[--thread-content-margin:--spacing(16)] px-(--thread-content-margin)\">\n<div class=\"[--thread-content-max-width:40rem] @w-lg\/main:[--thread-content-max-width:48rem] mx-auto max-w-(--thread-content-max-width) flex-1 group\/turn-messages focus-visible:outline-hidden relative flex w-full min-w-0 flex-col agent-turn\" tabindex=\"-1\">\n<div class=\"flex max-w-full flex-col grow\">\n<div class=\"min-h-8 text-message relative flex w-full flex-col items-end gap-2 text-start break-words whitespace-normal [.text-message+&amp;]:mt-1\" dir=\"auto\" data-message-author-role=\"assistant\" data-message-id=\"eb9c370d-1260-4c96-9d2e-6167e44b8163\" data-message-model-slug=\"gpt-5-2\">\n<div class=\"flex w-full flex-col gap-1 empty:hidden first:pt-[1px]\">\n<div class=\"markdown prose dark:prose-invert w-full break-words light markdown-new-styling\">\n<p data-start=\"0\" data-end=\"245\"><strong data-start=\"0\" data-end=\"18\">Kart sur Glace<\/strong> es un juego de carreras de <em data-start=\"46\" data-end=\"56\">flicking<\/em> (impulsar con los dedos) inspirado en <strong data-start=\"95\" data-end=\"112\">Micromachines<\/strong> y <strong data-start=\"115\" data-end=\"129\" data-is-only-node=\"\">Mario Kart<\/strong>. El circuito se crea colocando objetos sobre la mesa: platos, tenedores, vasos, libros, otros juegos, gatos, etc.<\/p>\n<p data-start=\"247\" data-end=\"351\">Todos los jugadores eligen simult\u00e1neamente una carta que les da puntos de acci\u00f3n. Cada acci\u00f3n permite:<\/p>\n<ul data-start=\"352\" data-end=\"518\">\n<li data-start=\"352\" data-end=\"414\">\n<p data-start=\"354\" data-end=\"414\">dar un golpe con el dedo a la parte trasera de tu coche, o<\/p>\n<\/li>\n<li data-start=\"415\" data-end=\"441\">\n<p data-start=\"417\" data-end=\"441\">reorientar tu coche, o<\/p>\n<\/li>\n<li data-start=\"442\" data-end=\"518\">\n<p data-start=\"444\" data-end=\"518\">jugar una carta de bonificaci\u00f3n: misil, frasco de aceite, dinamita, etc.<\/p>\n<\/li>\n<\/ul>\n<p data-start=\"520\" data-end=\"673\" data-is-last-node=\"\" data-is-only-node=\"\">Cada vez que pasas por un punto de control, robas una carta de bonificaci\u00f3n. El objetivo, por supuesto, es ser <strong data-start=\"631\" data-end=\"672\">el primero en cruzar la l\u00ednea de meta<\/strong>.<\/p>\n<\/div>\n<\/div>\n<\/div>\n<\/div>\n<div class=\"z-0 flex min-h-[46px] justify-start\"><a href=\"https:\/\/boardgamegeek.com\/boardgame\/93402\/kart-sur-glace\">PAGINA BGG<\/a><\/div>\n<div>\n<p><iframe title=\"Kart sur Glace InPlay Board Game Review\" width=\"640\" height=\"360\" src=\"https:\/\/www.youtube.com\/embed\/rykW-oWJkzc?feature=oembed\" frameborder=\"0\" allow=\"accelerometer; autoplay; clipboard-write; encrypted-media; gyroscope; picture-in-picture; web-share\" referrerpolicy=\"strict-origin-when-cross-origin\" allowfullscreen><\/iframe><\/p>\n<\/div>\n<\/div>\n<\/div>\n<\/article>\n<\/div>\n","protected":false},"excerpt":{"rendered":"<p>Kart sur Glace es un juego de carreras de flicking (impulsar con los dedos) inspirado en Micromachines y Mario Kart. El circuito se crea colocando objetos sobre la mesa: platos, tenedores, vasos, libros, otros juegos, gatos, etc. Todos los jugadores eligen simult\u00e1neamente una carta que les da puntos de acci\u00f3n. Cada acci\u00f3n permite: dar un golpe con el dedo a la parte trasera de tu coche, o reorientar tu coche,&hellip;<\/p>\n","protected":false},"featured_media":6001,"comment_status":"open","ping_status":"closed","template":"","meta":[],"product_brand":[],"product_cat":[71,88],"product_tag":[],"class_list":{"0":"post-6000","1":"product","2":"type-product","3":"status-publish","4":"has-post-thumbnail","6":"product_cat-carreras","7":"product_cat-familiar","9":"first","10":"instock","11":"taxable","12":"shipping-taxable","13":"purchasable","14":"product-type-simple"},"jetpack_sharing_enabled":true,"_links":{"self":[{"href":"https:\/\/veneludica.com\/index.php?rest_route=\/wp\/v2\/product\/6000","targetHints":{"allow":["GET"]}}],"collection":[{"href":"https:\/\/veneludica.com\/index.php?rest_route=\/wp\/v2\/product"}],"about":[{"href":"https:\/\/veneludica.com\/index.php?rest_route=\/wp\/v2\/types\/product"}],"replies":[{"embeddable":true,"href":"https:\/\/veneludica.com\/index.php?rest_route=%2Fwp%2Fv2%2Fcomments&post=6000"}],"version-history":[{"count":1,"href":"https:\/\/veneludica.com\/index.php?rest_route=\/wp\/v2\/product\/6000\/revisions"}],"predecessor-version":[{"id":6002,"href":"https:\/\/veneludica.com\/index.php?rest_route=\/wp\/v2\/product\/6000\/revisions\/6002"}],"wp:featuredmedia":[{"embeddable":true,"href":"https:\/\/veneludica.com\/index.php?rest_route=\/wp\/v2\/media\/6001"}],"wp:attachment":[{"href":"https:\/\/veneludica.com\/index.php?rest_route=%2Fwp%2Fv2%2Fmedia&parent=6000"}],"wp:term":[{"taxonomy":"product_brand","embeddable":true,"href":"https:\/\/veneludica.com\/index.php?rest_route=%2Fwp%2Fv2%2Fproduct_brand&post=6000"},{"taxonomy":"product_cat","embeddable":true,"href":"https:\/\/veneludica.com\/index.php?rest_route=%2Fwp%2Fv2%2Fproduct_cat&post=6000"},{"taxonomy":"product_tag","embeddable":true,"href":"https:\/\/veneludica.com\/index.php?rest_route=%2Fwp%2Fv2%2Fproduct_tag&post=6000"}],"curies":[{"name":"wp","href":"https:\/\/api.w.org\/{rel}","templated":true}]}}