{"id":6003,"date":"2026-01-12T16:15:35","date_gmt":"2026-01-12T16:15:35","guid":{"rendered":"https:\/\/veneludica.com\/?post_type=product&#038;p=6003"},"modified":"2026-01-12T16:15:36","modified_gmt":"2026-01-12T16:15:36","slug":"kart-on-ice-white-kart","status":"publish","type":"product","link":"https:\/\/veneludica.com\/?product=kart-on-ice-white-kart","title":{"rendered":"Kart on Ice: White Kart"},"content":{"rendered":"<p data-start=\"0\" data-end=\"114\">Una <strong data-start=\"4\" data-end=\"48\">expansi\u00f3n para el juego \u201cKart sur Glace\u201d<\/strong>, con muchos peque\u00f1os m\u00f3dulos que puedes a\u00f1adir o no a la partida.<\/p>\n<ul data-start=\"116\" data-end=\"1186\" data-is-last-node=\"\" data-is-only-node=\"\">\n<li data-start=\"116\" data-end=\"175\">\n<p data-start=\"118\" data-end=\"175\"><strong data-start=\"118\" data-end=\"139\">Un kart adicional<\/strong> (se puede jugar hasta 6 jugadores).<\/p>\n<\/li>\n<li data-start=\"177\" data-end=\"505\">\n<p data-start=\"179\" data-end=\"211\"><strong data-start=\"179\" data-end=\"190\">6 bonus<\/strong>, como por ejemplo:<\/p>\n<ul data-start=\"214\" data-end=\"505\">\n<li data-start=\"214\" data-end=\"265\">\n<p data-start=\"216\" data-end=\"265\"><strong data-start=\"216\" data-end=\"226\">Viento<\/strong>: los karts rivales se dan la vuelta.<\/p>\n<\/li>\n<li data-start=\"268\" data-end=\"355\">\n<p data-start=\"270\" data-end=\"355\"><strong data-start=\"270\" data-end=\"291\">Tormenta de nieve<\/strong> (malus): intercambia tu posici\u00f3n con el \u00faltimo de la carrera.<\/p>\n<\/li>\n<li data-start=\"358\" data-end=\"505\">\n<p data-start=\"360\" data-end=\"505\"><strong data-start=\"360\" data-end=\"371\">Twister<\/strong>: a\u00f1ades y mueves una ficha <em data-start=\"399\" data-end=\"408\" data-is-only-node=\"\">Twister<\/em>, o mueves una que ya est\u00e9 en juego (pierdes una carta de Acci\u00f3n si golpeas una ficha <em data-start=\"494\" data-end=\"503\">Twister<\/em>).<\/p>\n<\/li>\n<\/ul>\n<\/li>\n<li data-start=\"507\" data-end=\"717\">\n<p data-start=\"509\" data-end=\"637\"><strong data-start=\"509\" data-end=\"534\">6 nuevos \u201cMegaPowwaa\u201d<\/strong>, uno para cada kart.<br data-start=\"555\" data-end=\"558\" data-is-only-node=\"\" \/>Ahora eliges una carta <em data-start=\"583\" data-end=\"595\">MegaPowwaa<\/em> de entre dos disponibles.<br data-start=\"621\" data-end=\"624\" \/>Ejemplos:<\/p>\n<ul data-start=\"640\" data-end=\"717\">\n<li data-start=\"640\" data-end=\"683\">\n<p data-start=\"642\" data-end=\"683\">Naranja: brazo mec\u00e1nico \/\/ telequinesis<\/p>\n<\/li>\n<li data-start=\"686\" data-end=\"717\">\n<p data-start=\"688\" data-end=\"717\">Rojo: interferidor \/\/ esc\u00e1ner<\/p>\n<\/li>\n<\/ul>\n<\/li>\n<li data-start=\"719\" data-end=\"1005\">\n<p data-start=\"721\" data-end=\"749\"><strong data-start=\"721\" data-end=\"746\">Nuevos modos de juego<\/strong>:<\/p>\n<ul data-start=\"752\" data-end=\"1005\">\n<li data-start=\"752\" data-end=\"899\">\n<p data-start=\"754\" data-end=\"899\"><strong data-start=\"754\" data-end=\"771\">Kart Fantasma<\/strong>: por turnos, todos los jugadores pueden mover libremente el <em data-start=\"832\" data-end=\"847\" data-is-only-node=\"\">kart fantasma<\/em>. Si golpea a un kart, ese kart queda boca arriba.<\/p>\n<\/li>\n<li data-start=\"902\" data-end=\"1005\">\n<p data-start=\"904\" data-end=\"1005\"><strong data-start=\"904\" data-end=\"920\">Kart Bandera<\/strong>: un modo por equipos, al estilo de <em data-start=\"956\" data-end=\"976\" data-is-only-node=\"\">captura la bandera<\/em> en paintball o <em data-start=\"992\" data-end=\"1004\">LaserQuest<\/em>.<\/p>\n<\/li>\n<\/ul>\n<\/li>\n<li data-start=\"1007\" data-end=\"1098\">\n<p data-start=\"1009\" data-end=\"1098\"><strong data-start=\"1009\" data-end=\"1030\">Carta de Pit Stop<\/strong>:<br data-start=\"1031\" data-end=\"1034\" data-is-only-node=\"\" \/>Rellena tu mano de cartas de bonus y roba una carta de Acci\u00f3n.<\/p>\n<\/li>\n<li data-start=\"1100\" data-end=\"1186\" data-is-last-node=\"\">\n<p data-start=\"1102\" data-end=\"1186\" data-is-last-node=\"\"><strong data-start=\"1102\" data-end=\"1139\">Carta Blanca (Bonus &amp; MegaPowwaa)<\/strong>:<br data-start=\"1140\" data-end=\"1143\" data-is-only-node=\"\" \/>\u00a1Para dar rienda suelta a tu imaginaci\u00f3n!<\/p>\n<\/li>\n<\/ul>\n<p><a href=\"https:\/\/boardgamegeek.com\/boardgame\/116732\/kart-sur-glace-white-kart\">PAGINA BGG<\/a><\/p>\n<p>&nbsp;<\/p>\n","protected":false},"excerpt":{"rendered":"<p>Una expansi\u00f3n para el juego \u201cKart sur Glace\u201d, con muchos peque\u00f1os m\u00f3dulos que puedes a\u00f1adir o no a la partida. Un kart adicional (se puede jugar hasta 6 jugadores). 6 bonus, como por ejemplo: Viento: los karts rivales se dan la vuelta. Tormenta de nieve (malus): intercambia tu posici\u00f3n con el \u00faltimo de la carrera. Twister: a\u00f1ades y mueves una ficha Twister, o mueves una que ya est\u00e9 en juego&hellip;<\/p>\n","protected":false},"featured_media":6004,"comment_status":"open","ping_status":"closed","template":"","meta":[],"product_brand":[],"product_cat":[71,141,88],"product_tag":[],"class_list":{"0":"post-6003","1":"product","2":"type-product","3":"status-publish","4":"has-post-thumbnail","6":"product_cat-carreras","7":"product_cat-expansion","8":"product_cat-familiar","10":"first","11":"instock","12":"taxable","13":"shipping-taxable","14":"purchasable","15":"product-type-simple"},"jetpack_sharing_enabled":true,"_links":{"self":[{"href":"https:\/\/veneludica.com\/index.php?rest_route=\/wp\/v2\/product\/6003","targetHints":{"allow":["GET"]}}],"collection":[{"href":"https:\/\/veneludica.com\/index.php?rest_route=\/wp\/v2\/product"}],"about":[{"href":"https:\/\/veneludica.com\/index.php?rest_route=\/wp\/v2\/types\/product"}],"replies":[{"embeddable":true,"href":"https:\/\/veneludica.com\/index.php?rest_route=%2Fwp%2Fv2%2Fcomments&post=6003"}],"version-history":[{"count":1,"href":"https:\/\/veneludica.com\/index.php?rest_route=\/wp\/v2\/product\/6003\/revisions"}],"predecessor-version":[{"id":6005,"href":"https:\/\/veneludica.com\/index.php?rest_route=\/wp\/v2\/product\/6003\/revisions\/6005"}],"wp:featuredmedia":[{"embeddable":true,"href":"https:\/\/veneludica.com\/index.php?rest_route=\/wp\/v2\/media\/6004"}],"wp:attachment":[{"href":"https:\/\/veneludica.com\/index.php?rest_route=%2Fwp%2Fv2%2Fmedia&parent=6003"}],"wp:term":[{"taxonomy":"product_brand","embeddable":true,"href":"https:\/\/veneludica.com\/index.php?rest_route=%2Fwp%2Fv2%2Fproduct_brand&post=6003"},{"taxonomy":"product_cat","embeddable":true,"href":"https:\/\/veneludica.com\/index.php?rest_route=%2Fwp%2Fv2%2Fproduct_cat&post=6003"},{"taxonomy":"product_tag","embeddable":true,"href":"https:\/\/veneludica.com\/index.php?rest_route=%2Fwp%2Fv2%2Fproduct_tag&post=6003"}],"curies":[{"name":"wp","href":"https:\/\/api.w.org\/{rel}","templated":true}]}}